{"id":1281,"date":"2022-08-04T21:13:53","date_gmt":"2022-08-04T19:13:53","guid":{"rendered":"http:\/\/pgkimnowadeba.pl\/?page_id=1281"},"modified":"2022-08-08T21:48:50","modified_gmt":"2022-08-08T19:48:50","slug":"zamowienia-publiczne","status":"publish","type":"page","link":"https:\/\/pgkimnowadeba.pl\/index.php\/zamowienia-publiczne\/","title":{"rendered":"Zam\u00f3wienia publiczne"},"content":{"rendered":"\t\t<div data-elementor-type=\"wp-page\" data-elementor-id=\"1281\" class=\"elementor elementor-1281\">\n\t\t\t\t\t\t<section class=\"elementor-section elementor-top-section elementor-element elementor-element-6953867f elementor-section-stretched elementor-section-boxed elementor-section-height-default elementor-section-height-default\" data-id=\"6953867f\" data-element_type=\"section\" data-e-type=\"section\" data-settings=\"{&quot;stretch_section&quot;:&quot;section-stretched&quot;}\">\n\t\t\t\t\t\t<div class=\"elementor-container elementor-column-gap-default\">\n\t\t\t\t\t<div class=\"elementor-column elementor-col-100 elementor-top-column elementor-element elementor-element-1c290fa4\" data-id=\"1c290fa4\" data-element_type=\"column\" data-e-type=\"column\">\n\t\t\t<div class=\"elementor-widget-wrap elementor-element-populated\">\n\t\t\t\t\t\t<div class=\"elementor-element elementor-element-d2bfe36 elementor-widget elementor-widget-text-editor\" data-id=\"d2bfe36\" data-element_type=\"widget\" data-e-type=\"widget\" data-widget_type=\"text-editor.default\">\n\t\t\t\t\t\t\t\t\t<p>Przedsi\u0119biorstwo Gospodarki Komunalnej i Mieszkaniowej Sp. z o.o. w Nowej D\u0119bie og\u0142asza przetarg nieograniczony na zadanie pn. <strong>\u201eTermomodernizacja budynku administracyjnego Przedsi\u0119biorstwa Gospodarki Komunalnej i Mieszkaniowej Sp. z o.o., przy ul. Le\u015bnej 1 w Nowej D\u0119bie\u201d.<\/strong><\/p><p>Data og\u0142oszenia: 04.08.2022 r.<\/p><p>Termin sk\u0142adania ofert: 22.08.2022 r. godz. 10:00<\/p><p>Termin otwarcia ofert: 22.08.2022 r. godz. 10:15<\/p><p><strong>\u00a0<\/strong><\/p>\t\t\t\t\t\t\t\t<\/div>\n\t\t\t\t\t<\/div>\n\t\t<\/div>\n\t\t\t\t\t<\/div>\n\t\t<\/section>\n\t\t\t\t<section class=\"elementor-section elementor-top-section elementor-element elementor-element-7fb4c895 elementor-section-stretched elementor-section-boxed elementor-section-height-default elementor-section-height-default\" data-id=\"7fb4c895\" data-element_type=\"section\" data-e-type=\"section\" data-settings=\"{&quot;stretch_section&quot;:&quot;section-stretched&quot;}\">\n\t\t\t\t\t\t<div class=\"elementor-container elementor-column-gap-default\">\n\t\t\t\t\t<div class=\"elementor-column elementor-col-100 elementor-top-column elementor-element elementor-element-217e4086\" data-id=\"217e4086\" data-element_type=\"column\" data-e-type=\"column\">\n\t\t\t<div class=\"elementor-widget-wrap elementor-element-populated\">\n\t\t\t\t\t\t<div class=\"elementor-element elementor-element-74a43cd elementor-widget elementor-widget-text-editor\" data-id=\"74a43cd\" data-element_type=\"widget\" data-e-type=\"widget\" data-widget_type=\"text-editor.default\">\n\t\t\t\t\t\t\t\t\t<p>Poni\u017cej zamieszczamy pliki do pobrania:<\/p><ul><li><a href=\"https:\/\/pgkimnowadeba.pl\/wp-content\/uploads\/2022\/08\/SWZ.doc\" target=\"_blank\" rel=\"noopener\">SWZ<\/a><\/li><li><a href=\"https:\/\/pgkimnowadeba.pl\/wp-content\/uploads\/2022\/08\/Zalacznik-nr-1-FORMULARZ-OFERTY.doc\" target=\"_blank\" rel=\"noopener\">Za\u0142\u0105cznik nr 1 &#8211; formularz oferty<\/a><\/li><li><a href=\"https:\/\/pgkimnowadeba.pl\/wp-content\/uploads\/2022\/08\/Zalacznik-nr-2-Oswiadczenie-Wykonawcy_art125ust1.docx\" target=\"_blank\" rel=\"noopener\">Za\u0142\u0105cznik nr 2 &#8211; O\u015bwiadczenie Wykonawcy_art125ust1<\/a><\/li><li><a href=\"https:\/\/pgkimnowadeba.pl\/wp-content\/uploads\/2022\/08\/Zalacznik-nr-3-Oswiadczenie_o_przynaleznosci_do_grupy_kapitalowej.doc\" target=\"_blank\" rel=\"noopener\">Za\u0142\u0105cznik nr 3 &#8211; O\u015bwiadczenie o przynale\u017cno\u015bci do grupy kapita\u0142owej<\/a><\/li><li><a href=\"https:\/\/pgkimnowadeba.pl\/wp-content\/uploads\/2022\/08\/Zalacznik-nr-4-Projekt-umowy.docx\" target=\"_blank\" rel=\"noopener\">Za\u0142\u0105cznik nr 4 &#8211; Projekt umowy<\/a><\/li><li><a href=\"https:\/\/pgkimnowadeba.pl\/wp-content\/uploads\/2022\/08\/Zalacznik-nr-5-przedmiar-robot.pdf\" target=\"_blank\" rel=\"noopener\">Za\u0142\u0105cznik nr 5 &#8211; przedmiar rob\u00f3t<\/a><\/li><li><a href=\"https:\/\/pgkimnowadeba.pl\/wp-content\/uploads\/2022\/08\/AUDYT-PGKiM.zip\">Za\u0142\u0105cznik nr 6 &#8211; Audyt energetyczny<\/a><\/li><li><a href=\"https:\/\/pgkimnowadeba.pl\/wp-content\/uploads\/2022\/08\/Zalacznik-nr-7-projekt-techniczny-wykonania-elewacji.zip\">Za\u0142\u0105cznik nr 7 &#8211; projekt techniczny wykonania elewacji.<\/a><\/li><li><a href=\"https:\/\/pgkimnowadeba.pl\/wp-content\/uploads\/2022\/08\/Zalacznik-nr-8-Kolorystyka-elewacji.pdf\" target=\"_blank\" rel=\"noopener\">Za\u0142\u0105cznik nr 8 &#8211; Kolorystyka elewacji<\/a><\/li><li><a href=\"https:\/\/pgkimnowadeba.pl\/wp-content\/uploads\/2022\/08\/Zalacznik-Nr-9-ID-postepowania.docx\" target=\"_blank\" rel=\"noopener\">Za\u0142\u0105cznik Nr 9 &#8211; ID post\u0119powania<\/a><\/li><\/ul>\t\t\t\t\t\t\t\t<\/div>\n\t\t\t\t\t<\/div>\n\t\t<\/div>\n\t\t\t\t\t<\/div>\n\t\t<\/section>\n\t\t\t\t<\/div>\n\t\t","protected":false},"excerpt":{"rendered":"<p>Przedsi\u0119biorstwo Gospodarki Komunalnej i Mieszkaniowej Sp. z o.o. w Nowej D\u0119bie og\u0142asza przetarg nieograniczony na zadanie pn. \u201eTermomodernizacja budynku administracyjnego Przedsi\u0119biorstwa Gospodarki Komunalnej i Mieszkaniowej Sp. z o.o., przy ul. Le\u015bnej 1 w Nowej D\u0119bie\u201d. Data og\u0142oszenia: 04.08.2022 r. Termin sk\u0142adania ofert: 22.08.2022 r. godz. 10:00 Termin otwarcia ofert: 22.08.2022 r. godz. 10:15 \u00a0 Poni\u017cej&hellip;<\/p>\n","protected":false},"author":1,"featured_media":0,"parent":0,"menu_order":0,"comment_status":"closed","ping_status":"closed","template":"","meta":{"content-type":"","ngg_post_thumbnail":0,"footnotes":""},"class_list":["post-1281","page","type-page","status-publish","hentry"],"_links":{"self":[{"href":"https:\/\/pgkimnowadeba.pl\/index.php\/wp-json\/wp\/v2\/pages\/1281","targetHints":{"allow":["GET"]}}],"collection":[{"href":"https:\/\/pgkimnowadeba.pl\/index.php\/wp-json\/wp\/v2\/pages"}],"about":[{"href":"https:\/\/pgkimnowadeba.pl\/index.php\/wp-json\/wp\/v2\/types\/page"}],"author":[{"embeddable":true,"href":"https:\/\/pgkimnowadeba.pl\/index.php\/wp-json\/wp\/v2\/users\/1"}],"replies":[{"embeddable":true,"href":"https:\/\/pgkimnowadeba.pl\/index.php\/wp-json\/wp\/v2\/comments?post=1281"}],"version-history":[{"count":0,"href":"https:\/\/pgkimnowadeba.pl\/index.php\/wp-json\/wp\/v2\/pages\/1281\/revisions"}],"wp:attachment":[{"href":"https:\/\/pgkimnowadeba.pl\/index.php\/wp-json\/wp\/v2\/media?parent=1281"}],"curies":[{"name":"wp","href":"https:\/\/api.w.org\/{rel}","templated":true}]}}