{"id":184,"date":"2022-07-14T22:35:55","date_gmt":"2022-07-14T20:35:55","guid":{"rendered":"http:\/\/pgkimnowadeba.pl\/?page_id=184"},"modified":"2025-08-13T15:43:38","modified_gmt":"2025-08-13T13:43:38","slug":"o-firmie","status":"publish","type":"page","link":"https:\/\/pgkimnowadeba.pl\/index.php\/o-firmie\/","title":{"rendered":"O NAS"},"content":{"rendered":"\t\t<div data-elementor-type=\"wp-page\" data-elementor-id=\"184\" class=\"elementor elementor-184\">\n\t\t\t\t\t\t<section class=\"elementor-section elementor-top-section elementor-element elementor-element-cef86ce elementor-section-boxed elementor-section-height-default elementor-section-height-default\" data-id=\"cef86ce\" data-element_type=\"section\" data-e-type=\"section\">\n\t\t\t\t\t\t<div class=\"elementor-container elementor-column-gap-default\">\n\t\t\t\t\t<div class=\"elementor-column elementor-col-100 elementor-top-column elementor-element elementor-element-b91d798\" data-id=\"b91d798\" data-element_type=\"column\" data-e-type=\"column\">\n\t\t\t<div class=\"elementor-widget-wrap elementor-element-populated\">\n\t\t\t\t\t\t<div class=\"elementor-element elementor-element-7f5a192 elementor-widget elementor-widget-heading\" data-id=\"7f5a192\" data-element_type=\"widget\" data-e-type=\"widget\" data-widget_type=\"heading.default\">\n\t\t\t\t\t<h3 class=\"elementor-heading-title elementor-size-default\">O Firmie<\/h3>\t\t\t\t<\/div>\n\t\t\t\t<div class=\"elementor-element elementor-element-936a314 elementor-invisible elementor-widget elementor-widget-text-editor\" data-id=\"936a314\" data-element_type=\"widget\" data-e-type=\"widget\" data-settings=\"{&quot;_animation&quot;:&quot;fadeInDown&quot;}\" data-widget_type=\"text-editor.default\">\n\t\t\t\t\t\t\t\t\t<p><strong>Przedsi\u0119biorstwo Gospodarki Komunalnej i Mieszkaniowej Sp. z o.o., <\/strong><\/p><p><em><strong>ul. Le\u015bna 1, 39-460 Nowa D\u0119ba<\/strong><\/em><\/p><p><strong>KRS 0000171618<\/strong><\/p><p>S\u0105d Rejonowy w Rzeszowie XII Wydzia\u0142 Gospodarczy Krajowego Rejestru S\u0105dowego<\/p>\t\t\t\t\t\t\t\t<\/div>\n\t\t\t\t<div class=\"elementor-element elementor-element-1d5952a elementor-invisible elementor-widget elementor-widget-image\" data-id=\"1d5952a\" data-element_type=\"widget\" data-e-type=\"widget\" data-settings=\"{&quot;_animation&quot;:&quot;fadeInLeft&quot;}\" data-widget_type=\"image.default\">\n\t\t\t\t\t\t\t\t\t\t\t\t\t\t\t<img fetchpriority=\"high\" decoding=\"async\" width=\"2560\" height=\"1920\" src=\"https:\/\/pgkimnowadeba.pl\/wp-content\/uploads\/2025\/05\/IMG_0681-scaled.jpg\" class=\"attachment-full size-full wp-image-3643\" alt=\"\" srcset=\"https:\/\/pgkimnowadeba.pl\/wp-content\/uploads\/2025\/05\/IMG_0681-scaled.jpg 2560w, https:\/\/pgkimnowadeba.pl\/wp-content\/uploads\/2025\/05\/IMG_0681-300x225.jpg 300w, https:\/\/pgkimnowadeba.pl\/wp-content\/uploads\/2025\/05\/IMG_0681-1024x768.jpg 1024w, https:\/\/pgkimnowadeba.pl\/wp-content\/uploads\/2025\/05\/IMG_0681-768x576.jpg 768w, https:\/\/pgkimnowadeba.pl\/wp-content\/uploads\/2025\/05\/IMG_0681-1536x1152.jpg 1536w, https:\/\/pgkimnowadeba.pl\/wp-content\/uploads\/2025\/05\/IMG_0681-2048x1536.jpg 2048w, https:\/\/pgkimnowadeba.pl\/wp-content\/uploads\/2025\/05\/IMG_0681-1568x1176.jpg 1568w\" sizes=\"(max-width: 2560px) 100vw, 2560px\" \/>\t\t\t\t\t\t\t\t\t\t\t\t\t\t\t<\/div>\n\t\t\t\t\t<\/div>\n\t\t<\/div>\n\t\t\t\t\t<\/div>\n\t\t<\/section>\n\t\t\t\t<section class=\"elementor-section elementor-top-section elementor-element elementor-element-82bba4c elementor-section-boxed elementor-section-height-default elementor-section-height-default\" data-id=\"82bba4c\" data-element_type=\"section\" data-e-type=\"section\">\n\t\t\t\t\t\t<div class=\"elementor-container elementor-column-gap-default\">\n\t\t\t\t\t<div class=\"elementor-column elementor-col-50 elementor-top-column elementor-element elementor-element-9c1a7e5\" data-id=\"9c1a7e5\" data-element_type=\"column\" data-e-type=\"column\">\n\t\t\t<div class=\"elementor-widget-wrap elementor-element-populated\">\n\t\t\t\t\t\t<div class=\"elementor-element elementor-element-8d2cf87 elementor-invisible elementor-widget elementor-widget-text-editor\" data-id=\"8d2cf87\" data-element_type=\"widget\" data-e-type=\"widget\" data-settings=\"{&quot;_animation&quot;:&quot;fadeInUp&quot;}\" data-widget_type=\"text-editor.default\">\n\t\t\t\t\t\t\t\t\t<p><strong>DZIA\u0141ALNO\u015a\u0106:<\/strong><\/p><p><strong>\u25ba <\/strong>Pob\u00f3r, uzdatnianie i dostarczanie wody,<\/p><p><strong>\u25ba <\/strong>Odprowadzanie i oczyszczanie \u015bciek\u00f3w,<\/p><p><strong>\u25ba <\/strong>Wytwarzanie i zaopatrywanie w energi\u0119 ciepln\u0105,<\/p><p><strong>\u25ba <\/strong>Zarz\u0105dzanie nieruchomo\u015bciami,<\/p><p><strong>\u25ba <\/strong>Us\u0142ugi sprz\u0119towo-transportowe,<\/p><p><strong>\u25ba <\/strong>Utrzymanie czysto\u015bci dr\u00f3g, plac\u00f3w i ci\u0105g\u00f3w pieszych,<\/p><p><strong>\u25ba <\/strong>Usuwanie nieczysto\u015bci sta\u0142ych,<\/p><p><strong>\u25ba <\/strong>Odzysk surowc\u00f3w z materia\u0142\u00f3w segregowanych,<\/p><p><strong>\u25ba <\/strong>Utrzymanie Cmentarza Komunalnego,<\/p><p><strong>\u25ba <\/strong>Utrzymanie zieleni miejskiej i zadrzewie\u0144,<\/p><p><strong>\u25ba <\/strong>Projektowanie i zak\u0142adanie ogrod\u00f3w,<\/p><p><strong>\u25ba <\/strong>Sprawowanie nadzoru inwestorskiego.<\/p>\t\t\t\t\t\t\t\t<\/div>\n\t\t\t\t\t<\/div>\n\t\t<\/div>\n\t\t\t\t<div class=\"elementor-column elementor-col-50 elementor-top-column elementor-element elementor-element-c165c07\" data-id=\"c165c07\" data-element_type=\"column\" data-e-type=\"column\">\n\t\t\t<div class=\"elementor-widget-wrap elementor-element-populated\">\n\t\t\t\t\t\t<div class=\"elementor-element elementor-element-494d567 elementor-invisible elementor-widget elementor-widget-text-editor\" data-id=\"494d567\" data-element_type=\"widget\" data-e-type=\"widget\" data-settings=\"{&quot;_animation&quot;:&quot;fadeInRight&quot;}\" data-widget_type=\"text-editor.default\">\n\t\t\t\t\t\t\t\t\t<p><strong>KAPITA\u0141 ZAK\u0141ADOWY: 12.111.500,00z\u0142<img decoding=\"async\" src=\"http:\/\/www.pgkim.nowadeba.pl\/gfx\/pgkim\/userfiles\/_public\/firma__2013_085_www.jpg\" alt=\"\" \/><\/strong><\/p><p><strong><em>Wsp\u00f3lnicy: <\/em>Gmina Nowa <\/strong><strong>D\u0119ba &#8211; 100%<\/strong><\/p><p><strong>Zatrudnienie: 112 os\u00f3b <\/strong><\/p><p><strong>NIP: 8670003134<\/strong><strong>\u00a0\u00a0\u00a0\u00a0\u00a0\u00a0\u00a0\u00a0<\/strong><\/p><p><strong>REGON: 830353374<\/strong><\/p>\t\t\t\t\t\t\t\t<\/div>\n\t\t\t\t\t<\/div>\n\t\t<\/div>\n\t\t\t\t\t<\/div>\n\t\t<\/section>\n\t\t\t\t<section class=\"elementor-section elementor-top-section elementor-element elementor-element-4f2150e elementor-section-boxed elementor-section-height-default elementor-section-height-default\" data-id=\"4f2150e\" data-element_type=\"section\" data-e-type=\"section\">\n\t\t\t\t\t\t<div class=\"elementor-container elementor-column-gap-default\">\n\t\t\t\t\t<div class=\"elementor-column elementor-col-100 elementor-top-column elementor-element elementor-element-9af169d\" data-id=\"9af169d\" data-element_type=\"column\" data-e-type=\"column\">\n\t\t\t<div class=\"elementor-widget-wrap elementor-element-populated\">\n\t\t\t\t\t\t<div class=\"elementor-element elementor-element-109964a elementor-invisible elementor-widget elementor-widget-image\" data-id=\"109964a\" data-element_type=\"widget\" data-e-type=\"widget\" data-settings=\"{&quot;_animation&quot;:&quot;fadeInRight&quot;}\" data-widget_type=\"image.default\">\n\t\t\t\t\t\t\t\t\t\t\t\t\t\t\t<img decoding=\"async\" width=\"923\" height=\"616\" src=\"https:\/\/pgkimnowadeba.pl\/wp-content\/uploads\/2022\/07\/firma__2013_001_www-1024x683.jpg\" class=\"attachment-large size-large wp-image-202\" alt=\"\" srcset=\"https:\/\/pgkimnowadeba.pl\/wp-content\/uploads\/2022\/07\/firma__2013_001_www-1024x683.jpg 1024w, https:\/\/pgkimnowadeba.pl\/wp-content\/uploads\/2022\/07\/firma__2013_001_www-300x200.jpg 300w, https:\/\/pgkimnowadeba.pl\/wp-content\/uploads\/2022\/07\/firma__2013_001_www-768x512.jpg 768w, https:\/\/pgkimnowadeba.pl\/wp-content\/uploads\/2022\/07\/firma__2013_001_www.jpg 1124w\" sizes=\"(max-width: 923px) 100vw, 923px\" \/>\t\t\t\t\t\t\t\t\t\t\t\t\t\t\t<\/div>\n\t\t\t\t<div class=\"elementor-element elementor-element-af639c9 elementor-widget__width-initial elementor-widget elementor-widget-text-editor\" data-id=\"af639c9\" data-element_type=\"widget\" data-e-type=\"widget\" data-widget_type=\"text-editor.default\">\n\t\t\t\t\t\t\t\t\t<p>Numery kont bankowych, na kt\u00f3re nale\u017cy dokonywa\u0107 wp\u0142at:<\/p><p><strong>1. <\/strong><span style=\"color: var( --e-global-color-text ); font-family: var( --e-global-typography-text-font-family ), Sans-serif; font-weight: var( --e-global-typography-text-font-weight ); font-size: var(--global--font-size-base);\">Bank PKO S.A.\u00a0<\/span><span style=\"color: var( --e-global-color-text ); font-family: var( --e-global-typography-text-font-family ), Sans-serif; font-weight: var( --e-global-typography-text-font-weight ); font-size: var(--global--font-size-base);\">Tarnobrzeg\u00a0<\/span><\/p><p><span style=\"color: var( --e-global-color-text ); font-family: var( --e-global-typography-text-font-family ), Sans-serif; font-size: var(--global--font-size-base);\">13 1240 2744 1111 0000 3990 9055<\/span><\/p><p><strong style=\"color: var( --e-global-color-text ); font-family: var( --e-global-typography-text-font-family ), Sans-serif; font-size: var(--global--font-size-base);\">2. <\/strong><span style=\"color: var( --e-global-color-text ); font-family: var( --e-global-typography-text-font-family ), Sans-serif; font-weight: var( --e-global-typography-text-font-weight ); font-size: var(--global--font-size-base);\">Bank Sp\u00f3\u0142dzielczy Tarnobrzeg\u00a0<\/span><\/p><p>08 9434 1083 2003 1300 0185 0001<\/p>\t\t\t\t\t\t\t\t<\/div>\n\t\t\t\t\t<\/div>\n\t\t<\/div>\n\t\t\t\t\t<\/div>\n\t\t<\/section>\n\t\t\t\t<\/div>\n\t\t","protected":false},"excerpt":{"rendered":"<p>O Firmie Przedsi\u0119biorstwo Gospodarki Komunalnej i Mieszkaniowej Sp. z o.o., ul. Le\u015bna 1, 39-460 Nowa D\u0119ba KRS 0000171618 S\u0105d Rejonowy w Rzeszowie XII Wydzia\u0142 Gospodarczy Krajowego Rejestru S\u0105dowego DZIA\u0141ALNO\u015a\u0106: \u25ba Pob\u00f3r, uzdatnianie i dostarczanie wody, \u25ba Odprowadzanie i oczyszczanie \u015bciek\u00f3w, \u25ba Wytwarzanie i zaopatrywanie w energi\u0119 ciepln\u0105, \u25ba Zarz\u0105dzanie nieruchomo\u015bciami, \u25ba Us\u0142ugi sprz\u0119towo-transportowe, \u25ba Utrzymanie&hellip;<\/p>\n","protected":false},"author":1,"featured_media":0,"parent":0,"menu_order":0,"comment_status":"closed","ping_status":"closed","template":"elementor_theme","meta":{"content-type":"","ngg_post_thumbnail":0,"footnotes":""},"class_list":["post-184","page","type-page","status-publish","hentry"],"_links":{"self":[{"href":"https:\/\/pgkimnowadeba.pl\/index.php\/wp-json\/wp\/v2\/pages\/184","targetHints":{"allow":["GET"]}}],"collection":[{"href":"https:\/\/pgkimnowadeba.pl\/index.php\/wp-json\/wp\/v2\/pages"}],"about":[{"href":"https:\/\/pgkimnowadeba.pl\/index.php\/wp-json\/wp\/v2\/types\/page"}],"author":[{"embeddable":true,"href":"https:\/\/pgkimnowadeba.pl\/index.php\/wp-json\/wp\/v2\/users\/1"}],"replies":[{"embeddable":true,"href":"https:\/\/pgkimnowadeba.pl\/index.php\/wp-json\/wp\/v2\/comments?post=184"}],"version-history":[{"count":0,"href":"https:\/\/pgkimnowadeba.pl\/index.php\/wp-json\/wp\/v2\/pages\/184\/revisions"}],"wp:attachment":[{"href":"https:\/\/pgkimnowadeba.pl\/index.php\/wp-json\/wp\/v2\/media?parent=184"}],"curies":[{"name":"wp","href":"https:\/\/api.w.org\/{rel}","templated":true}]}}