{"id":249,"date":"2022-07-14T23:02:04","date_gmt":"2022-07-14T21:02:04","guid":{"rendered":"http:\/\/pgkimnowadeba.pl\/?page_id=249"},"modified":"2025-08-17T13:36:03","modified_gmt":"2025-08-17T11:36:03","slug":"dzialalnosc-przedmiotowa","status":"publish","type":"page","link":"https:\/\/pgkimnowadeba.pl\/index.php\/dzialalnosc-przedmiotowa\/","title":{"rendered":"Przedmiot dzia\u0142ania"},"content":{"rendered":"\t\t<div data-elementor-type=\"wp-page\" data-elementor-id=\"249\" class=\"elementor elementor-249\">\n\t\t\t\t\t\t<section class=\"elementor-section elementor-top-section elementor-element elementor-element-adf5f7f elementor-section-boxed elementor-section-height-default elementor-section-height-default\" data-id=\"adf5f7f\" data-element_type=\"section\" data-e-type=\"section\">\n\t\t\t\t\t\t<div class=\"elementor-container elementor-column-gap-default\">\n\t\t\t\t\t<div class=\"elementor-column elementor-col-50 elementor-top-column elementor-element elementor-element-2fa87a2\" data-id=\"2fa87a2\" data-element_type=\"column\" data-e-type=\"column\">\n\t\t\t<div class=\"elementor-widget-wrap elementor-element-populated\">\n\t\t\t\t\t\t<div class=\"elementor-element elementor-element-64e6f74 elementor-invisible elementor-widget elementor-widget-text-editor\" data-id=\"64e6f74\" data-element_type=\"widget\" data-e-type=\"widget\" data-settings=\"{&quot;_animation&quot;:&quot;fadeInLeft&quot;}\" data-widget_type=\"text-editor.default\">\n\t\t\t\t\t\t\t\t\t<h4 style=\"text-align: center;\"><span style=\"color: #800000;\"><em><strong>Zak\u0142ad Obs\u0142ugi Nieruchomo\u015bci<\/strong><\/em><\/span><\/h4><p style=\"text-align: left;\">\u25ba Us\u0142ugi budowlane i remontowe\u00a0<br \/>\u25ba Us\u0142ugi hydrauliczne<br \/>\u25ba Us\u0142ugi elektryczne<br \/>\u25ba Kompleksowa obs\u0142uga Wsp\u00f3lnot Mieszkaniowych<br \/>\u25ba Obowi\u0105zkowe przegl\u0105dy: budowlane, kominiarskie, gazowe, elektryczne<\/p><p style=\"text-align: center;\"><strong>TEL. 608 072 269<\/strong><\/p>\t\t\t\t\t\t\t\t<\/div>\n\t\t\t\t\t<\/div>\n\t\t<\/div>\n\t\t\t\t<div class=\"elementor-column elementor-col-50 elementor-top-column elementor-element elementor-element-0690cc6\" data-id=\"0690cc6\" data-element_type=\"column\" data-e-type=\"column\">\n\t\t\t<div class=\"elementor-widget-wrap elementor-element-populated\">\n\t\t\t\t\t\t<div class=\"elementor-element elementor-element-614f8b0 elementor-widget__width-initial elementor-invisible elementor-widget elementor-widget-text-editor\" data-id=\"614f8b0\" data-element_type=\"widget\" data-e-type=\"widget\" data-settings=\"{&quot;_animation&quot;:&quot;fadeInLeft&quot;}\" data-widget_type=\"text-editor.default\">\n\t\t\t\t\t\t\t\t\t<h4 style=\"text-align: center;\"><span style=\"color: #800000;\"><em><strong>Zak\u0142ad Us\u0142ug Komunalnych<\/strong><\/em><\/span><\/h4><p style=\"text-align: left;\">\u25ba Wyw\u00f3z nieczysto\u015bci\u00a0<br \/>\u25ba Oczyszczanie ulic<br \/>\u25ba Utrzymanie zieleni<br \/>\u25ba Utrzymanie cmentarza<br \/>\u25ba Utrzymanie dr\u00f3g<br \/>\u25ba Od\u015bnie\u017canie<br \/>\u25ba Us\u0142ugi transportowe<\/p><p style=\"text-align: center;\"><strong>TEL. 608 218 367<\/strong><\/p>\t\t\t\t\t\t\t\t<\/div>\n\t\t\t\t\t<\/div>\n\t\t<\/div>\n\t\t\t\t\t<\/div>\n\t\t<\/section>\n\t\t\t\t<section class=\"elementor-section elementor-top-section elementor-element elementor-element-edbdd2f elementor-section-boxed elementor-section-height-default elementor-section-height-default\" data-id=\"edbdd2f\" data-element_type=\"section\" data-e-type=\"section\">\n\t\t\t\t\t\t<div class=\"elementor-container elementor-column-gap-default\">\n\t\t\t\t\t<div class=\"elementor-column elementor-col-50 elementor-top-column elementor-element elementor-element-94beed9\" data-id=\"94beed9\" data-element_type=\"column\" data-e-type=\"column\">\n\t\t\t<div class=\"elementor-widget-wrap elementor-element-populated\">\n\t\t\t\t\t\t<div class=\"elementor-element elementor-element-43e3548 elementor-invisible elementor-widget elementor-widget-text-editor\" data-id=\"43e3548\" data-element_type=\"widget\" data-e-type=\"widget\" data-settings=\"{&quot;_animation&quot;:&quot;fadeInLeft&quot;}\" data-widget_type=\"text-editor.default\">\n\t\t\t\t\t\t\t\t\t<hr \/><h4 style=\"text-align: center;\"><span style=\"color: #800000;\"><em><strong>Zak\u0142ad Energetyki Cieplnej<\/strong><\/em><\/span><\/h4><p style=\"text-align: center;\"><strong>TEL. 698 642 465<\/strong><\/p>\t\t\t\t\t\t\t\t<\/div>\n\t\t\t\t<div class=\"elementor-element elementor-element-c7a3faf elementor-invisible elementor-widget elementor-widget-text-editor\" data-id=\"c7a3faf\" data-element_type=\"widget\" data-e-type=\"widget\" data-settings=\"{&quot;_animation&quot;:&quot;fadeInLeft&quot;}\" data-widget_type=\"text-editor.default\">\n\t\t\t\t\t\t\t\t\t<hr \/><h4 style=\"text-align: center;\"><span style=\"color: #800000;\"><em><strong>Zak\u0142ad Uj\u0119cia Wody i Magazynu<\/strong><\/em><\/span><span style=\"font-family: var( --e-global-typography-text-font-family ), Sans-serif; font-weight: var( --e-global-typography-text-font-weight ); font-size: var(--global--font-size-base);\"><br \/><\/span><\/h4><p style=\"text-align: center;\"><strong>TEL. 608 035 326<\/strong><\/p>\t\t\t\t\t\t\t\t<\/div>\n\t\t\t\t\t<\/div>\n\t\t<\/div>\n\t\t\t\t<div class=\"elementor-column elementor-col-50 elementor-top-column elementor-element elementor-element-bf8b6e7\" data-id=\"bf8b6e7\" data-element_type=\"column\" data-e-type=\"column\">\n\t\t\t<div class=\"elementor-widget-wrap elementor-element-populated\">\n\t\t\t\t\t\t<div class=\"elementor-element elementor-element-8985368 elementor-widget__width-initial elementor-invisible elementor-widget elementor-widget-text-editor\" data-id=\"8985368\" data-element_type=\"widget\" data-e-type=\"widget\" data-settings=\"{&quot;_animation&quot;:&quot;fadeInLeft&quot;}\" data-widget_type=\"text-editor.default\">\n\t\t\t\t\t\t\t\t\t<hr \/><h4 style=\"text-align: center;\"><span style=\"color: #800000;\"><em><strong>Zak\u0142ad Obs\u0142ugi Sieci Wod-Kan<\/strong><\/em><\/span><span style=\"font-family: var( --e-global-typography-text-font-family ), Sans-serif; font-weight: var( --e-global-typography-text-font-weight ); font-size: var(--global--font-size-base);\"><br \/><\/span><\/h4><p style=\"text-align: center;\"><strong>TEL. 604 237 412<\/strong><\/p>\t\t\t\t\t\t\t\t<\/div>\n\t\t\t\t<div class=\"elementor-element elementor-element-a6c6108 elementor-widget__width-initial elementor-invisible elementor-widget elementor-widget-text-editor\" data-id=\"a6c6108\" data-element_type=\"widget\" data-e-type=\"widget\" data-settings=\"{&quot;_animation&quot;:&quot;fadeInLeft&quot;}\" data-widget_type=\"text-editor.default\">\n\t\t\t\t\t\t\t\t\t<hr \/><h4 style=\"text-align: center;\"><span style=\"color: #800000;\"><em><strong>Zak\u0142ad Oczyszczalni i Przepompowni \u015aciek\u00f3w<\/strong><\/em><\/span><span style=\"font-family: var( --e-global-typography-text-font-family ), Sans-serif; font-weight: var( --e-global-typography-text-font-weight ); font-size: var(--global--font-size-base);\"><br \/><\/span><\/h4><p style=\"text-align: center;\"><strong>TEL. 692 963 215<\/strong><\/p>\t\t\t\t\t\t\t\t<\/div>\n\t\t\t\t\t<\/div>\n\t\t<\/div>\n\t\t\t\t\t<\/div>\n\t\t<\/section>\n\t\t\t\t<section class=\"elementor-section elementor-top-section elementor-element elementor-element-1fb3598 elementor-section-boxed elementor-section-height-default elementor-section-height-default\" data-id=\"1fb3598\" data-element_type=\"section\" data-e-type=\"section\">\n\t\t\t\t\t\t<div class=\"elementor-container elementor-column-gap-default\">\n\t\t\t\t\t<div class=\"elementor-column elementor-col-100 elementor-top-column elementor-element elementor-element-b2f02f9\" data-id=\"b2f02f9\" data-element_type=\"column\" data-e-type=\"column\">\n\t\t\t<div class=\"elementor-widget-wrap elementor-element-populated\">\n\t\t\t\t\t\t<div class=\"elementor-element elementor-element-4d39d46 elementor-widget__width-initial elementor-widget elementor-widget-text-editor\" data-id=\"4d39d46\" data-element_type=\"widget\" data-e-type=\"widget\" data-widget_type=\"text-editor.default\">\n\t\t\t\t\t\t\t\t\t<hr \/><p style=\"text-align: center;\"><span style=\"color: #800000;\"><strong>ZG\u0141O\u015a AWARI\u0118<\/strong><\/span><\/p><p style=\"text-align: center;\"><strong>Awarie Wodoci\u0105gowe i\u00a0Kanalizacyjne<\/strong><\/p><p style=\"text-align: center;\">604 237 412<\/p><p style=\"text-align: center;\"><strong>Awarie Ciep\u0142ownicze<\/strong><\/p><p style=\"text-align: center;\">662 080 660<\/p><p style=\"text-align: center;\"><strong>Telefony awaryjne dla Wsp\u00f3lnot Mieszkaniowych, na rzecz<br \/>kt\u00f3rych wykonujemy us\u0142ug\u0119 konserwacji nieruchomo\u015bci<br \/>i utrzymanie pogotowia awaryjnego<\/strong><\/p><p style=\"text-align: center;\"><strong>Awarie Elektryczne<\/strong><\/p><p style=\"text-align: center;\">668\u00a0234\u00a0767<\/p><p style=\"text-align: center;\"><strong>Awarie Hydrauliczne<\/strong><\/p><p style=\"text-align: center;\">668 234 765<\/p><hr \/><p style=\"text-align: center;\"><span style=\"color: #800000;\"><strong>GODZINY PRACY<\/strong><\/span><\/p><p style=\"text-align: center;\">poniedzia\u0142ek, \u015broda, czwartek od 7<sup>00\u00a0\u00a0<\/sup>do 15<sup>00<\/sup><\/p><p style=\"text-align: center;\">wtorek \u00a0od 7<sup>00\u00a0\u00a0<\/sup>do 17<sup>30<\/sup><\/p><p style=\"text-align: center;\">pi\u0105tek od 7<sup>00\u00a0\u00a0<\/sup>do 12<sup>30<\/sup><\/p><p style=\"text-align: center;\">\u00a0<strong>Kasa<\/strong><\/p><p style=\"text-align: center;\">wtorek \u00a0od 15<sup>00\u00a0\u00a0<\/sup>do 17<sup>30\u00a0<\/sup><\/p><p style=\"text-align: center;\">\u015broda od 7<sup>00\u00a0<\/sup>do 15<sup>00<\/sup><\/p><p style=\"text-align: center;\">pi\u0105tek od 7<sup>00\u00a0\u00a0<\/sup>do 12<sup>30<\/sup><\/p><p style=\"text-align: center;\"><strong>PSZOK<\/strong><\/p><p style=\"text-align: center;\"><strong>poniedzia\u0142ek, czwartek w godzinach od 8.00 do 14.00<br \/>wtorek\u00a0<\/strong>w godzinach od 8.00 do 17.00<\/p><p style=\"text-align: center;\"><strong>oraz ostatnia sobota miesi\u0105ca\u00a0<\/strong>w godzinach od 8.00 do 14.00<strong><br \/>W niedziel\u0119 i \u015bwi\u0119ta PSZOK jest nieczynny.<\/strong><\/p><hr \/>\t\t\t\t\t\t\t\t<\/div>\n\t\t\t\t<div class=\"elementor-element elementor-element-46b4c8b elementor-widget elementor-widget-text-editor\" data-id=\"46b4c8b\" data-element_type=\"widget\" data-e-type=\"widget\" data-widget_type=\"text-editor.default\">\n\t\t\t\t\t\t\t\t\t<p style=\"text-align: center;\"><span style=\"color: #800000;\"><strong>HARMONOGRAM ODBIORU ODPAD\u00d3W STA\u0141YCH<\/strong><\/span><\/p>\t\t\t\t\t\t\t\t<\/div>\n\t\t\t\t<div class=\"elementor-element elementor-element-f6a52c7 elementor-widget elementor-widget-image\" data-id=\"f6a52c7\" data-element_type=\"widget\" data-e-type=\"widget\" data-widget_type=\"image.default\">\n\t\t\t\t\t\t\t\t\t\t\t\t\t\t\t\t<a href=\"https:\/\/pgkimnowadeba.pl\/wp-content\/uploads\/2023\/12\/Harmonogram_2025-obrazy-0-scaled.jpg\" target=\"_blank\">\n\t\t\t\t\t\t\t<img decoding=\"async\" src=\"https:\/\/pgkimnowadeba.pl\/wp-content\/uploads\/2023\/12\/Harmonogram_2025-obrazy-0-scaled.jpg\" title=\"\" alt=\"\" loading=\"lazy\" \/>\t\t\t\t\t\t\t\t<\/a>\n\t\t\t\t\t\t\t\t\t\t\t\t\t\t\t<\/div>\n\t\t\t\t<div class=\"elementor-element elementor-element-6d63c03 elementor-widget elementor-widget-image\" data-id=\"6d63c03\" data-element_type=\"widget\" data-e-type=\"widget\" data-widget_type=\"image.default\">\n\t\t\t\t\t\t\t\t\t\t\t\t\t\t\t\t<a href=\"https:\/\/pgkimnowadeba.pl\/wp-content\/uploads\/2023\/12\/Harmonogram_2025-obrazy-1-scaled.jpg\" target=\"_blank\">\n\t\t\t\t\t\t\t<img decoding=\"async\" src=\"https:\/\/pgkimnowadeba.pl\/wp-content\/uploads\/2023\/12\/Harmonogram_2025-obrazy-1-scaled.jpg\" title=\"\" alt=\"\" loading=\"lazy\" \/>\t\t\t\t\t\t\t\t<\/a>\n\t\t\t\t\t\t\t\t\t\t\t\t\t\t\t<\/div>\n\t\t\t\t\t<\/div>\n\t\t<\/div>\n\t\t\t\t\t<\/div>\n\t\t<\/section>\n\t\t\t\t<section class=\"elementor-section elementor-top-section elementor-element elementor-element-a1c536a elementor-section-boxed elementor-section-height-default elementor-section-height-default\" data-id=\"a1c536a\" data-element_type=\"section\" data-e-type=\"section\">\n\t\t\t\t\t\t<div class=\"elementor-container elementor-column-gap-default\">\n\t\t\t\t\t<div class=\"elementor-column elementor-col-100 elementor-top-column elementor-element elementor-element-041949f\" data-id=\"041949f\" data-element_type=\"column\" data-e-type=\"column\">\n\t\t\t<div class=\"elementor-widget-wrap\">\n\t\t\t\t\t\t\t<\/div>\n\t\t<\/div>\n\t\t\t\t\t<\/div>\n\t\t<\/section>\n\t\t\t\t<\/div>\n\t\t","protected":false},"excerpt":{"rendered":"<p>Zak\u0142ad Obs\u0142ugi Nieruchomo\u015bci \u25ba Us\u0142ugi budowlane i remontowe\u00a0\u25ba Us\u0142ugi hydrauliczne\u25ba Us\u0142ugi elektryczne\u25ba Kompleksowa obs\u0142uga Wsp\u00f3lnot Mieszkaniowych\u25ba Obowi\u0105zkowe przegl\u0105dy: budowlane, kominiarskie, gazowe, elektryczne TEL. 608 072 269 Zak\u0142ad Us\u0142ug Komunalnych \u25ba Wyw\u00f3z nieczysto\u015bci\u00a0\u25ba Oczyszczanie ulic\u25ba Utrzymanie zieleni\u25ba Utrzymanie cmentarza\u25ba Utrzymanie dr\u00f3g\u25ba Od\u015bnie\u017canie\u25ba Us\u0142ugi transportowe TEL. 608 218 367 Zak\u0142ad Energetyki Cieplnej TEL. 698 642 465 Zak\u0142ad&hellip;<\/p>\n","protected":false},"author":1,"featured_media":0,"parent":0,"menu_order":0,"comment_status":"closed","ping_status":"closed","template":"","meta":{"content-type":"","ngg_post_thumbnail":0,"footnotes":""},"class_list":["post-249","page","type-page","status-publish","hentry"],"_links":{"self":[{"href":"https:\/\/pgkimnowadeba.pl\/index.php\/wp-json\/wp\/v2\/pages\/249","targetHints":{"allow":["GET"]}}],"collection":[{"href":"https:\/\/pgkimnowadeba.pl\/index.php\/wp-json\/wp\/v2\/pages"}],"about":[{"href":"https:\/\/pgkimnowadeba.pl\/index.php\/wp-json\/wp\/v2\/types\/page"}],"author":[{"embeddable":true,"href":"https:\/\/pgkimnowadeba.pl\/index.php\/wp-json\/wp\/v2\/users\/1"}],"replies":[{"embeddable":true,"href":"https:\/\/pgkimnowadeba.pl\/index.php\/wp-json\/wp\/v2\/comments?post=249"}],"version-history":[{"count":0,"href":"https:\/\/pgkimnowadeba.pl\/index.php\/wp-json\/wp\/v2\/pages\/249\/revisions"}],"wp:attachment":[{"href":"https:\/\/pgkimnowadeba.pl\/index.php\/wp-json\/wp\/v2\/media?parent=249"}],"curies":[{"name":"wp","href":"https:\/\/api.w.org\/{rel}","templated":true}]}}