{"id":306,"date":"2022-07-14T23:24:07","date_gmt":"2022-07-14T21:24:07","guid":{"rendered":"http:\/\/pgkimnowadeba.pl\/?page_id=306"},"modified":"2025-08-13T15:52:46","modified_gmt":"2025-08-13T13:52:46","slug":"polozenie-geograficzne","status":"publish","type":"page","link":"https:\/\/pgkimnowadeba.pl\/index.php\/polozenie-geograficzne\/","title":{"rendered":"Po\u0142o\u017cenie geograficzne"},"content":{"rendered":"\t\t<div data-elementor-type=\"wp-page\" data-elementor-id=\"306\" class=\"elementor elementor-306\">\n\t\t\t\t\t\t<section class=\"elementor-section elementor-top-section elementor-element elementor-element-5402e84 elementor-section-stretched elementor-section-boxed elementor-section-height-default elementor-section-height-default\" data-id=\"5402e84\" data-element_type=\"section\" data-e-type=\"section\" data-settings=\"{&quot;stretch_section&quot;:&quot;section-stretched&quot;}\">\n\t\t\t\t\t\t<div class=\"elementor-container elementor-column-gap-default\">\n\t\t\t\t\t<div class=\"elementor-column elementor-col-100 elementor-top-column elementor-element elementor-element-8ec2c48\" data-id=\"8ec2c48\" data-element_type=\"column\" data-e-type=\"column\">\n\t\t\t<div class=\"elementor-widget-wrap\">\n\t\t\t\t\t\t\t<\/div>\n\t\t<\/div>\n\t\t\t\t\t<\/div>\n\t\t<\/section>\n\t\t\t\t<section class=\"elementor-section elementor-top-section elementor-element elementor-element-42f5e2b elementor-section-boxed elementor-section-height-default elementor-section-height-default\" data-id=\"42f5e2b\" data-element_type=\"section\" data-e-type=\"section\">\n\t\t\t\t\t\t<div class=\"elementor-container elementor-column-gap-default\">\n\t\t\t\t\t<div class=\"elementor-column elementor-col-100 elementor-top-column elementor-element elementor-element-80a3e49\" data-id=\"80a3e49\" data-element_type=\"column\" data-e-type=\"column\">\n\t\t\t<div class=\"elementor-widget-wrap elementor-element-populated\">\n\t\t\t\t\t\t<div class=\"elementor-element elementor-element-0d615af elementor-widget elementor-widget-heading\" data-id=\"0d615af\" data-element_type=\"widget\" data-e-type=\"widget\" data-widget_type=\"heading.default\">\n\t\t\t\t\t<h3 class=\"elementor-heading-title elementor-size-default\"> Po\u0142o\u017cenie geograficzne <\/h3>\t\t\t\t<\/div>\n\t\t\t\t<div class=\"elementor-element elementor-element-fbf5807 elementor-invisible elementor-widget elementor-widget-text-editor\" data-id=\"fbf5807\" data-element_type=\"widget\" data-e-type=\"widget\" data-settings=\"{&quot;_animation&quot;:&quot;fadeInDown&quot;}\" data-widget_type=\"text-editor.default\">\n\t\t\t\t\t\t\t\t\t<p><span style=\"font-size: 16.0pt;\">Miasto Nowa D\u0119ba po\u0142o\u017cone jest w p\u00f3\u0142nocnej cz\u0119\u015bci wojew\u00f3dztwa podkarpackiego i nale\u017cy do powiatu tarnobrzeskiego. Powsta\u0142o ono w latach 1937-1939 jako osiedle przyfabryczne przy budowanej w ramach Centralnego Okr\u0119gu Przemys\u0142owego Wytw\u00f3rni Amunicji Nr 3 (obecnie Zak\u0142ady Metalowe Dezamet S.A.)<\/span><\/p>\t\t\t\t\t\t\t\t<\/div>\n\t\t\t\t<div class=\"elementor-element elementor-element-d3b6e6f elementor-invisible elementor-widget elementor-widget-image\" data-id=\"d3b6e6f\" data-element_type=\"widget\" data-e-type=\"widget\" data-settings=\"{&quot;_animation&quot;:&quot;fadeInRight&quot;}\" data-widget_type=\"image.default\">\n\t\t\t\t\t\t\t\t\t\t\t\t\t\t\t<img fetchpriority=\"high\" decoding=\"async\" width=\"453\" height=\"367\" src=\"https:\/\/pgkimnowadeba.pl\/wp-content\/uploads\/2022\/07\/mapa_polski.jpg\" class=\"attachment-full size-full wp-image-317\" alt=\"\" srcset=\"https:\/\/pgkimnowadeba.pl\/wp-content\/uploads\/2022\/07\/mapa_polski.jpg 453w, https:\/\/pgkimnowadeba.pl\/wp-content\/uploads\/2022\/07\/mapa_polski-300x243.jpg 300w\" sizes=\"(max-width: 453px) 100vw, 453px\" \/>\t\t\t\t\t\t\t\t\t\t\t\t\t\t\t<\/div>\n\t\t\t\t<div class=\"elementor-element elementor-element-664f5e5 elementor-invisible elementor-widget elementor-widget-text-editor\" data-id=\"664f5e5\" data-element_type=\"widget\" data-e-type=\"widget\" data-settings=\"{&quot;_animation&quot;:&quot;fadeInUp&quot;}\" data-widget_type=\"text-editor.default\">\n\t\t\t\t\t\t\t\t\t<p>Prawa miejskie miasto otrzyma\u0142o w roku 1961. Gmina Nowa D\u0119ba od p\u00f3\u0142nocy graniczy z gmin\u0105 Tarnobrzeg, od wschodu z gmin\u0105 Gr\u0119b\u00f3w, od po\u0142udnia z gmin\u0105 Majdan Kr\u00f3lewski i od zachodu z gmin\u0105 Baran\u00f3w Sandomierski.<\/p><p>Powierzchnia miasta i gminy wynosi 142 km kw. w tym 16 km kw. zajmuje miasto, a 126 km kw. &#8211; so\u0142ectwa: Tarnowska Wola, Rozalin, Alfred\u00f3wka, Jadachy, Chmiel\u00f3w, Cygany, os. Buda Stalowska.<\/p><p>Gmin\u0119 zamieszkuje 19 570 mieszka\u0144c\u00f3w. W tym w mie\u015bcie 12 194, a w so\u0142ectwach 7 376 os\u00f3b.<\/p><p>Teren gminy znajduje si\u0119 w zachodniej cz\u0119\u015bci makroregionu zwanego Kotlin\u0105 Sandomiersk\u0105. Ponad po\u0142ow\u0119 gminy zajmuj\u0105 lasy i wody. Wody to naturalizowane stawy hodowlane w Budzie Stalowskiej i cieki wodne &#8211; Trze\u015bni\u00f3wka, Mokrzysz\u00f3wka, D\u0105br\u00f3wka, Potok D\u0119ba nale\u017c\u0105ce do zlewni rzeki Wis\u0142a.<\/p><p>Przez teren gminy przebiega droga krajowa nr 9 w ci\u0105gu komunikacyjnym Radom-Rzesz\u00f3w oraz linie kolejowe jednotorowe Ocice &#8211; Nowa D\u0119ba &#8211; Rzesz\u00f3w i Chmiel\u00f3w &#8211; Stasz\u00f3w &#8211; Kielce, a tak\u017ce linia Hutniczo-Siarkowa.<\/p><p>Najbli\u017csze wi\u0119ksze o\u015brodki miejskie to Tarnobrzeg, Kolbuszowa, Sandomierz, Stalowa Wola, oraz Rzesz\u00f3w &#8211; b\u0119d\u0105cy stolic\u0105 wojew\u00f3dztwa.<\/p><p>Miasto Nowa D\u0119ba zaliczane jest do o\u015brodk\u00f3w obs\u0142ugi lokalnej z zasadniczymi funkcjami tj.: przemys\u0142ow\u0105, administracyjno-us\u0142ugow\u0105, turystyczn\u0105 i obs\u0142ugi rolnictwa.<\/p><p>Na terenie gminy znajduje si\u0119 kilka \u015bredniej wielko\u015bci zak\u0142ad\u00f3w przemys\u0142owych, a najwi\u0119ksze z nich to &#8211; maj\u0105ce d\u0142ug\u0105 tradycj\u0119 &#8211; Zak\u0142ady Metalowe DEZAMET S.A. W 1997 r. na terenie tych zak\u0142ad\u00f3w utworzono podstref\u0119 Tarnobrzeskiej Specjalnej Strefy Ekonomicznej EURO-PARK WIS\u0141OSAN co przyczynia si\u0119 do rozwoju przedsi\u0119biorczo\u015bci gospodarczej na terenie miasta oraz gminy Nowa D\u0119ba.<\/p>\t\t\t\t\t\t\t\t<\/div>\n\t\t\t\t\t<\/div>\n\t\t<\/div>\n\t\t\t\t\t<\/div>\n\t\t<\/section>\n\t\t\t\t<\/div>\n\t\t","protected":false},"excerpt":{"rendered":"<p>Po\u0142o\u017cenie geograficzne Miasto Nowa D\u0119ba po\u0142o\u017cone jest w p\u00f3\u0142nocnej cz\u0119\u015bci wojew\u00f3dztwa podkarpackiego i nale\u017cy do powiatu tarnobrzeskiego. Powsta\u0142o ono w latach 1937-1939 jako osiedle przyfabryczne przy budowanej w ramach Centralnego Okr\u0119gu Przemys\u0142owego Wytw\u00f3rni Amunicji Nr 3 (obecnie Zak\u0142ady Metalowe Dezamet S.A.) Prawa miejskie miasto otrzyma\u0142o w roku 1961. Gmina Nowa D\u0119ba od p\u00f3\u0142nocy graniczy z&hellip;<\/p>\n","protected":false},"author":1,"featured_media":0,"parent":0,"menu_order":0,"comment_status":"closed","ping_status":"closed","template":"","meta":{"content-type":"","ngg_post_thumbnail":0,"footnotes":""},"class_list":["post-306","page","type-page","status-publish","hentry"],"_links":{"self":[{"href":"https:\/\/pgkimnowadeba.pl\/index.php\/wp-json\/wp\/v2\/pages\/306","targetHints":{"allow":["GET"]}}],"collection":[{"href":"https:\/\/pgkimnowadeba.pl\/index.php\/wp-json\/wp\/v2\/pages"}],"about":[{"href":"https:\/\/pgkimnowadeba.pl\/index.php\/wp-json\/wp\/v2\/types\/page"}],"author":[{"embeddable":true,"href":"https:\/\/pgkimnowadeba.pl\/index.php\/wp-json\/wp\/v2\/users\/1"}],"replies":[{"embeddable":true,"href":"https:\/\/pgkimnowadeba.pl\/index.php\/wp-json\/wp\/v2\/comments?post=306"}],"version-history":[{"count":0,"href":"https:\/\/pgkimnowadeba.pl\/index.php\/wp-json\/wp\/v2\/pages\/306\/revisions"}],"wp:attachment":[{"href":"https:\/\/pgkimnowadeba.pl\/index.php\/wp-json\/wp\/v2\/media?parent=306"}],"curies":[{"name":"wp","href":"https:\/\/api.w.org\/{rel}","templated":true}]}}