{"id":3250,"date":"2024-12-27T10:05:52","date_gmt":"2024-12-27T09:05:52","guid":{"rendered":"https:\/\/pgkimnowadeba.pl\/?page_id=3250"},"modified":"2025-08-26T17:29:57","modified_gmt":"2025-08-26T15:29:57","slug":"umowa-na-dostawe-wody-lub-odbior-sciekow","status":"publish","type":"page","link":"https:\/\/pgkimnowadeba.pl\/index.php\/umowa-na-dostawe-wody-lub-odbior-sciekow\/","title":{"rendered":"Umowa na dostaw\u0119 wody lub odbi\u00f3r \u015bciek\u00f3w"},"content":{"rendered":"\t\t<div data-elementor-type=\"wp-page\" data-elementor-id=\"3250\" class=\"elementor elementor-3250\">\n\t\t\t\t\t\t<section class=\"elementor-section elementor-top-section elementor-element elementor-element-8620a77 elementor-section-boxed elementor-section-height-default elementor-section-height-default\" data-id=\"8620a77\" data-element_type=\"section\" data-e-type=\"section\">\n\t\t\t\t\t\t<div class=\"elementor-container elementor-column-gap-default\">\n\t\t\t\t\t<div class=\"elementor-column elementor-col-100 elementor-top-column elementor-element elementor-element-eca2d18\" data-id=\"eca2d18\" data-element_type=\"column\" data-e-type=\"column\">\n\t\t\t<div class=\"elementor-widget-wrap elementor-element-populated\">\n\t\t\t\t\t\t<div class=\"elementor-element elementor-element-028e060 elementor-widget elementor-widget-image\" data-id=\"028e060\" data-element_type=\"widget\" data-e-type=\"widget\" data-widget_type=\"image.default\">\n\t\t\t\t\t\t\t\t\t\t\t\t\t\t\t<img decoding=\"async\" src=\"https:\/\/pgkimnowadeba.pl\/wp-content\/uploads\/2025\/01\/Slajd10.png\" title=\"\" alt=\"\" loading=\"lazy\" \/>\t\t\t\t\t\t\t\t\t\t\t\t\t\t\t<\/div>\n\t\t\t\t\t<\/div>\n\t\t<\/div>\n\t\t\t\t\t<\/div>\n\t\t<\/section>\n\t\t\t\t<\/div>\n\t\t","protected":false},"excerpt":{"rendered":"","protected":false},"author":1,"featured_media":0,"parent":0,"menu_order":0,"comment_status":"closed","ping_status":"closed","template":"","meta":{"content-type":"","ngg_post_thumbnail":0,"footnotes":""},"class_list":["post-3250","page","type-page","status-publish","hentry"],"_links":{"self":[{"href":"https:\/\/pgkimnowadeba.pl\/index.php\/wp-json\/wp\/v2\/pages\/3250","targetHints":{"allow":["GET"]}}],"collection":[{"href":"https:\/\/pgkimnowadeba.pl\/index.php\/wp-json\/wp\/v2\/pages"}],"about":[{"href":"https:\/\/pgkimnowadeba.pl\/index.php\/wp-json\/wp\/v2\/types\/page"}],"author":[{"embeddable":true,"href":"https:\/\/pgkimnowadeba.pl\/index.php\/wp-json\/wp\/v2\/users\/1"}],"replies":[{"embeddable":true,"href":"https:\/\/pgkimnowadeba.pl\/index.php\/wp-json\/wp\/v2\/comments?post=3250"}],"version-history":[{"count":0,"href":"https:\/\/pgkimnowadeba.pl\/index.php\/wp-json\/wp\/v2\/pages\/3250\/revisions"}],"wp:attachment":[{"href":"https:\/\/pgkimnowadeba.pl\/index.php\/wp-json\/wp\/v2\/media?parent=3250"}],"curies":[{"name":"wp","href":"https:\/\/api.w.org\/{rel}","templated":true}]}}