{"id":337,"date":"2022-07-14T23:33:12","date_gmt":"2022-07-14T21:33:12","guid":{"rendered":"http:\/\/pgkimnowadeba.pl\/?page_id=337"},"modified":"2025-08-13T15:54:57","modified_gmt":"2025-08-13T13:54:57","slug":"rys-historyczny","status":"publish","type":"page","link":"https:\/\/pgkimnowadeba.pl\/index.php\/rys-historyczny\/","title":{"rendered":"Rys Historyczny"},"content":{"rendered":"\t\t<div data-elementor-type=\"wp-page\" data-elementor-id=\"337\" class=\"elementor elementor-337\">\n\t\t\t\t\t\t<section class=\"elementor-section elementor-top-section elementor-element elementor-element-b7027ca elementor-section-boxed elementor-section-height-default elementor-section-height-default\" data-id=\"b7027ca\" data-element_type=\"section\" data-e-type=\"section\">\n\t\t\t\t\t\t<div class=\"elementor-container elementor-column-gap-default\">\n\t\t\t\t\t<div class=\"elementor-column elementor-col-100 elementor-top-column elementor-element elementor-element-b7a2b43\" data-id=\"b7a2b43\" data-element_type=\"column\" data-e-type=\"column\">\n\t\t\t<div class=\"elementor-widget-wrap elementor-element-populated\">\n\t\t\t\t\t\t<div class=\"elementor-element elementor-element-e5b360e elementor-widget elementor-widget-heading\" data-id=\"e5b360e\" data-element_type=\"widget\" data-e-type=\"widget\" data-widget_type=\"heading.default\">\n\t\t\t\t\t<h3 class=\"elementor-heading-title elementor-size-default\"> Rys Historyczny <\/h3>\t\t\t\t<\/div>\n\t\t\t\t<div class=\"elementor-element elementor-element-faaeb81 elementor-invisible elementor-widget elementor-widget-text-editor\" data-id=\"faaeb81\" data-element_type=\"widget\" data-e-type=\"widget\" data-settings=\"{&quot;_animation&quot;:&quot;fadeInRight&quot;}\" data-widget_type=\"text-editor.default\">\n\t\t\t\t\t\t\t\t\t<p>Przedsi\u0119biorstwo Gospodarki Komunalnej i Mieszkaniowej w Nowej D\u0119bie do dnia 7 lipca 1982 roku funkcjonowa\u0142o jako Wojew\u00f3dzkie Przedsi\u0119biorstwo Gospodarki Komunalnej i\u00a0Mieszkaniowej Oddzia\u0142 w Nowej D\u0119bie.<\/p><p>Z dniem 7 lipca 1982 r. Zarz\u0105dzeniem Nr 9\/82 Naczelnika Miasta i Gminy w Nowej D\u0119bie z dnia 9 czerwca 1982 r powo\u0142ane zosta\u0142o do \u017cycia samodzielne Przedsi\u0119biorstwo Gospodarki Komunalnej i Mieszkaniowej w Nowej D\u0119bie. Powo\u0142ane przedsi\u0119biorstwo wpisane zosta\u0142o do rejestru przedsi\u0119biorstw pa\u0144stwowych w dniu 7 lipca 1982 r. w S\u0105dzie Rejonowym w Tarnobrzegu I Wydzia\u0142 Cywilny Sygn. Akt Rpp 52. Zasadniczym przedmiotem dzia\u0142alno\u015bci przedsi\u0119biorstwa by\u0142o\u00a0\u015bwiadczenie podstawowych us\u0142ug komunalnych dla spo\u0142eczno\u015bci lokalnej w mie\u015bcie i gminie Nowa D\u0119ba.<\/p><p>Z dniem 1 lipca 1997 r. zgodnie z Ustaw\u0105 z dnia 20 grudnia 1996 r. o gospodarce komunalnej (Dz. U. Nr 9 poz. 43 z 1997 r. Uchwa\u0142\u0105 Rady Miejskiej w Nowej D\u0119bie z dnia 19 czerwca 1997 r. Nr XLI\/312\/97 dotychczasowe przedsi\u0119biorstwo pa\u0144stwowe przekszta\u0142cone zosta\u0142o w Sp\u00f3\u0142k\u0119 prawa handlowego ze 100% udzia\u0142em gminy. Sp\u00f3\u0142ka wpisana zosta\u0142a do rejestru Handlowego pod numerem RHB-799 w dniu 27.10.1997 w S\u0105dzie Rejonowym w Tarnobrzegu.<\/p><p>W zwi\u0105zku ze zmian\u0105 prawa dotycz\u0105cego rejestru przedsi\u0119biorc\u00f3w, obecnie Sp\u00f3\u0142ka zarejestrowana jest w S\u0105dzie Rejonowym w Rzeszowie, XII Wydzia\u0142 Gospodarczy Krajowego Rejestru S\u0105dowego pod nr KRS 0000171618.<\/p><p>Z dniem 28.09.2012 r. nast\u0105pi\u0142o po\u0142\u0105czenie sp\u00f3\u0142ek: Przedsi\u0119biorstwo Gospodarki Komunalnej i Mieszkaniowej Sp. z o.o. z siedzib\u0105 w Nowej D\u0119bie, jako sp\u00f3\u0142ki przejmuj\u0105cej, ze sp\u00f3\u0142k\u0105 Zak\u0142ad Produkcji Wody Sp. z o.o. z siedzib\u0105 w Nowej D\u0119bie, jako sp\u00f3\u0142k\u0105 przejmowan\u0105, w trybie art. 492 \u00a7 1 pkt 1 Kodeksu sp\u00f3\u0142ek handlowych, poprzez przeniesienie ca\u0142ego maj\u0105tku sp\u00f3\u0142ki przejmowanej na sp\u00f3\u0142k\u0119 przejmuj\u0105c\u0105. Po\u0142\u0105czenia dokonano na zasadach uj\u0119tych w Planie Po\u0142\u0105czenia Sp\u00f3\u0142ek Przedsi\u0119biorstwa Gospodarki Komunalnej i Mieszkaniowej Sp. z o.o. oraz Zak\u0142adu Produkcji Wody Sp. z o.o. z dnia 22 czerwca 2012 r., kt\u00f3ry zosta\u0142 do\u0142\u0105czony do akt KRS Nr 0000171618 w S\u0105dzie Rejonowym w Rzeszowie \u2013 XII Wydzia\u0142 Gospodarczy Krajowego Rejestru S\u0105dowego.<\/p>\t\t\t\t\t\t\t\t<\/div>\n\t\t\t\t\t<\/div>\n\t\t<\/div>\n\t\t\t\t\t<\/div>\n\t\t<\/section>\n\t\t\t\t<\/div>\n\t\t","protected":false},"excerpt":{"rendered":"<p>Rys Historyczny Przedsi\u0119biorstwo Gospodarki Komunalnej i Mieszkaniowej w Nowej D\u0119bie do dnia 7 lipca 1982 roku funkcjonowa\u0142o jako Wojew\u00f3dzkie Przedsi\u0119biorstwo Gospodarki Komunalnej i\u00a0Mieszkaniowej Oddzia\u0142 w Nowej D\u0119bie. Z dniem 7 lipca 1982 r. Zarz\u0105dzeniem Nr 9\/82 Naczelnika Miasta i Gminy w Nowej D\u0119bie z dnia 9 czerwca 1982 r powo\u0142ane zosta\u0142o do \u017cycia samodzielne Przedsi\u0119biorstwo&hellip;<\/p>\n","protected":false},"author":1,"featured_media":0,"parent":0,"menu_order":0,"comment_status":"closed","ping_status":"closed","template":"","meta":{"content-type":"","ngg_post_thumbnail":0,"footnotes":""},"class_list":["post-337","page","type-page","status-publish","hentry"],"_links":{"self":[{"href":"https:\/\/pgkimnowadeba.pl\/index.php\/wp-json\/wp\/v2\/pages\/337","targetHints":{"allow":["GET"]}}],"collection":[{"href":"https:\/\/pgkimnowadeba.pl\/index.php\/wp-json\/wp\/v2\/pages"}],"about":[{"href":"https:\/\/pgkimnowadeba.pl\/index.php\/wp-json\/wp\/v2\/types\/page"}],"author":[{"embeddable":true,"href":"https:\/\/pgkimnowadeba.pl\/index.php\/wp-json\/wp\/v2\/users\/1"}],"replies":[{"embeddable":true,"href":"https:\/\/pgkimnowadeba.pl\/index.php\/wp-json\/wp\/v2\/comments?post=337"}],"version-history":[{"count":0,"href":"https:\/\/pgkimnowadeba.pl\/index.php\/wp-json\/wp\/v2\/pages\/337\/revisions"}],"wp:attachment":[{"href":"https:\/\/pgkimnowadeba.pl\/index.php\/wp-json\/wp\/v2\/media?parent=337"}],"curies":[{"name":"wp","href":"https:\/\/api.w.org\/{rel}","templated":true}]}}