{"id":394,"date":"2022-07-14T23:48:47","date_gmt":"2022-07-14T21:48:47","guid":{"rendered":"http:\/\/pgkimnowadeba.pl\/?page_id=394"},"modified":"2026-04-17T12:14:58","modified_gmt":"2026-04-17T10:14:58","slug":"regulaminy-i-taryfy","status":"publish","type":"page","link":"https:\/\/pgkimnowadeba.pl\/index.php\/regulaminy-i-taryfy\/","title":{"rendered":"Regulaminy i taryfy"},"content":{"rendered":"\t\t<div data-elementor-type=\"wp-page\" data-elementor-id=\"394\" class=\"elementor elementor-394\">\n\t\t\t\t\t\t<section class=\"elementor-section elementor-top-section elementor-element elementor-element-7d134dc5 elementor-section-boxed elementor-section-height-default elementor-section-height-default\" data-id=\"7d134dc5\" data-element_type=\"section\" data-e-type=\"section\">\n\t\t\t\t\t\t<div class=\"elementor-container elementor-column-gap-default\">\n\t\t\t\t\t<div class=\"elementor-column elementor-col-100 elementor-top-column elementor-element elementor-element-6c6f5ba9\" data-id=\"6c6f5ba9\" data-element_type=\"column\" data-e-type=\"column\">\n\t\t\t<div class=\"elementor-widget-wrap elementor-element-populated\">\n\t\t\t\t\t\t<div class=\"elementor-element elementor-element-f741637 elementor-widget__width-initial elementor-widget elementor-widget-text-editor\" data-id=\"f741637\" data-element_type=\"widget\" data-e-type=\"widget\" data-widget_type=\"text-editor.default\">\n\t\t\t\t\t\t\t\t\t<h3>Regulaminy i taryfy<\/h3><ul><li><a href=\"https:\/\/pgkimnowadeba.pl\/wp-content\/uploads\/2022\/07\/koncesja_pgkim_n_deba__przesyl_i_dystryb_ciepla__2020_2030.pdf\" target=\"_blank\" rel=\"noopener\">koncesja_pgkim_n_deba__przesyl_i_dystryb_ciepla__2020_2030<\/a><\/li><li><a href=\"https:\/\/pgkimnowadeba.pl\/wp-content\/uploads\/2022\/11\/regulamin_dostarcz_wody_i_odb_sciekow_2022.pdf\">regulamin_dostarcz_wody_i_odb_sciekow_2022<\/a><\/li><li><a href=\"https:\/\/pgkimnowadeba.pl\/wp-content\/uploads\/2022\/07\/informacja_dot_ochrony_danych_osobowych_klientow_wod_kan.pdf\" target=\"_blank\" rel=\"noopener\">informacja_dot_ochrony_danych_osobowych_klientow_wod_kan<\/a><\/li><li><a href=\"https:\/\/pgkimnowadeba.pl\/wp-content\/uploads\/2022\/07\/informacja_dot_ochrony_danych_osobowych_klientow_uslug_komunaln.pdf\" target=\"_blank\" rel=\"noopener\">informacja_dot_ochrony_danych_osobowych_klientow_uslug_komunaln<\/a><\/li><li><a href=\"https:\/\/pgkimnowadeba.pl\/wp-content\/uploads\/2022\/07\/regulamin_cmentarza_n_d__uchw_xxxviii_349_2017__skan.pdf\" target=\"_blank\" rel=\"noopener\">regulamin_cmentarza_n_d__uchw_xxxviii_349_2017__skan<\/a><\/li><li><a href=\"https:\/\/pgkimnowadeba.pl\/wp-content\/uploads\/2022\/07\/kocesja_na_przesylanie_i_dystrybucje_ciepla.pdf\" target=\"_blank\" rel=\"noopener\">koncesja_na_przesylanie_i_dystrybucje_ciepla<\/a><\/li><li><a href=\"https:\/\/pgkimnowadeba.pl\/wp-content\/uploads\/2022\/07\/informacja_konsumencka.pdf\" target=\"_blank\" rel=\"noopener\">informacja_konsumencka<\/a><\/li><li><a href=\"https:\/\/pgkimnowadeba.pl\/wp-content\/uploads\/2024\/10\/Taryfa-zbiorowego-zaopatrzenia-odprowadzenia-2024.pdf\">Taryfa dla zbiorowego zaopatrzenia w wod\u0119 i zbiorowego odprowadzania \u015bciek\u00f3w 2024<\/a><\/li><li><a href=\"https:\/\/pgkimnowadeba.pl\/wp-content\/uploads\/2026\/04\/Cennik-wywozu-nieczystosci-plynnych.pdf\">Cennik wywozu nieczysto\u015bci p\u0142ynnych<\/a><\/li><li><a href=\"https:\/\/pgkimnowadeba.pl\/wp-content\/uploads\/2024\/11\/Uchwala-ws.-doplaty-do-taryfy-na-zbiorowe-zaopatrzenie-w-wode-i-zbiorowe-odzprowadzanie-sciekow.pdf\">Uchwa\u0142a ws. dop\u0142aty do taryfy na zbiorowe zaopatrzenie w wod\u0119 i zbiorowe odprowadzanie \u015bciek\u00f3w<\/a><\/li><li><a href=\"https:\/\/pgkimnowadeba.pl\/wp-content\/uploads\/2025\/07\/Taryfa-dla-ciepla-2025-2027.pdf\">Taryfa dla ciep\u0142a 2025-2027<\/a><\/li><\/ul>\t\t\t\t\t\t\t\t<\/div>\n\t\t\t\t\t<\/div>\n\t\t<\/div>\n\t\t\t\t\t<\/div>\n\t\t<\/section>\n\t\t\t\t<\/div>\n\t\t","protected":false},"excerpt":{"rendered":"<p>Regulaminy i taryfy koncesja_pgkim_n_deba__przesyl_i_dystryb_ciepla__2020_2030 regulamin_dostarcz_wody_i_odb_sciekow_2022 informacja_dot_ochrony_danych_osobowych_klientow_wod_kan informacja_dot_ochrony_danych_osobowych_klientow_uslug_komunaln regulamin_cmentarza_n_d__uchw_xxxviii_349_2017__skan koncesja_na_przesylanie_i_dystrybucje_ciepla informacja_konsumencka Taryfa dla zbiorowego zaopatrzenia w wod\u0119 i zbiorowego odprowadzania \u015bciek\u00f3w 2024 Cennik wywozu nieczysto\u015bci p\u0142ynnych Uchwa\u0142a ws. dop\u0142aty do taryfy na zbiorowe zaopatrzenie w wod\u0119 i zbiorowe odprowadzanie \u015bciek\u00f3w Taryfa dla ciep\u0142a 2025-2027<\/p>\n","protected":false},"author":1,"featured_media":0,"parent":0,"menu_order":0,"comment_status":"closed","ping_status":"closed","template":"","meta":{"content-type":"","ngg_post_thumbnail":0,"footnotes":""},"class_list":["post-394","page","type-page","status-publish","hentry"],"_links":{"self":[{"href":"https:\/\/pgkimnowadeba.pl\/index.php\/wp-json\/wp\/v2\/pages\/394","targetHints":{"allow":["GET"]}}],"collection":[{"href":"https:\/\/pgkimnowadeba.pl\/index.php\/wp-json\/wp\/v2\/pages"}],"about":[{"href":"https:\/\/pgkimnowadeba.pl\/index.php\/wp-json\/wp\/v2\/types\/page"}],"author":[{"embeddable":true,"href":"https:\/\/pgkimnowadeba.pl\/index.php\/wp-json\/wp\/v2\/users\/1"}],"replies":[{"embeddable":true,"href":"https:\/\/pgkimnowadeba.pl\/index.php\/wp-json\/wp\/v2\/comments?post=394"}],"version-history":[{"count":3,"href":"https:\/\/pgkimnowadeba.pl\/index.php\/wp-json\/wp\/v2\/pages\/394\/revisions"}],"predecessor-version":[{"id":5124,"href":"https:\/\/pgkimnowadeba.pl\/index.php\/wp-json\/wp\/v2\/pages\/394\/revisions\/5124"}],"wp:attachment":[{"href":"https:\/\/pgkimnowadeba.pl\/index.php\/wp-json\/wp\/v2\/media?parent=394"}],"curies":[{"name":"wp","href":"https:\/\/api.w.org\/{rel}","templated":true}]}}