{"id":4536,"date":"2025-09-01T09:33:46","date_gmt":"2025-09-01T07:33:46","guid":{"rendered":"https:\/\/pgkimnowadeba.pl\/?page_id=4536"},"modified":"2025-11-26T11:17:15","modified_gmt":"2025-11-26T10:17:15","slug":"zaklad-energetyki-cieplnej","status":"publish","type":"page","link":"https:\/\/pgkimnowadeba.pl\/index.php\/zaklad-energetyki-cieplnej\/","title":{"rendered":"Zak\u0142ad Energetyki Cieplnej"},"content":{"rendered":"\t\t<div data-elementor-type=\"wp-page\" data-elementor-id=\"4536\" class=\"elementor elementor-4536\">\n\t\t\t\t\t\t<section class=\"elementor-section elementor-top-section elementor-element elementor-element-2c97499 elementor-section-boxed elementor-section-height-default elementor-section-height-default\" data-id=\"2c97499\" data-element_type=\"section\" data-e-type=\"section\">\n\t\t\t\t\t\t<div class=\"elementor-container elementor-column-gap-default\">\n\t\t\t\t\t<div class=\"elementor-column elementor-col-100 elementor-top-column elementor-element elementor-element-c0932ce\" data-id=\"c0932ce\" data-element_type=\"column\" data-e-type=\"column\">\n\t\t\t<div class=\"elementor-widget-wrap elementor-element-populated\">\n\t\t\t\t\t\t<div class=\"elementor-element elementor-element-e23b32b elementor-widget elementor-widget-image\" data-id=\"e23b32b\" data-element_type=\"widget\" data-e-type=\"widget\" data-widget_type=\"image.default\">\n\t\t\t\t\t\t\t\t\t\t\t\t\t\t\t<img fetchpriority=\"high\" decoding=\"async\" width=\"923\" height=\"616\" src=\"https:\/\/pgkimnowadeba.pl\/wp-content\/uploads\/2025\/09\/Kotlownia2025-09_38_01-1024x683.jpg\" class=\"attachment-large size-large wp-image-4545\" alt=\"\" srcset=\"https:\/\/pgkimnowadeba.pl\/wp-content\/uploads\/2025\/09\/Kotlownia2025-09_38_01-1024x683.jpg 1024w, https:\/\/pgkimnowadeba.pl\/wp-content\/uploads\/2025\/09\/Kotlownia2025-09_38_01-300x200.jpg 300w, https:\/\/pgkimnowadeba.pl\/wp-content\/uploads\/2025\/09\/Kotlownia2025-09_38_01-768x512.jpg 768w, https:\/\/pgkimnowadeba.pl\/wp-content\/uploads\/2025\/09\/Kotlownia2025-09_38_01.jpg 1536w\" sizes=\"(max-width: 923px) 100vw, 923px\" \/>\t\t\t\t\t\t\t\t\t\t\t\t\t\t\t<\/div>\n\t\t\t\t\t<\/div>\n\t\t<\/div>\n\t\t\t\t\t<\/div>\n\t\t<\/section>\n\t\t\t\t<section class=\"elementor-section elementor-top-section elementor-element elementor-element-81b9159 elementor-section-boxed elementor-section-height-default elementor-section-height-default\" data-id=\"81b9159\" data-element_type=\"section\" data-e-type=\"section\">\n\t\t\t\t\t\t<div class=\"elementor-container elementor-column-gap-default\">\n\t\t\t\t\t<div class=\"elementor-column elementor-col-100 elementor-top-column elementor-element elementor-element-07f3894\" data-id=\"07f3894\" data-element_type=\"column\" data-e-type=\"column\">\n\t\t\t<div class=\"elementor-widget-wrap elementor-element-populated\">\n\t\t\t\t\t\t<div class=\"elementor-element elementor-element-eb467cb elementor-widget elementor-widget-text-editor\" data-id=\"eb467cb\" data-element_type=\"widget\" data-e-type=\"widget\" data-widget_type=\"text-editor.default\">\n\t\t\t\t\t\t\t\t\t<p style=\"text-align: center;\"><strong>Informacja o jednosk\u0142adnikowej cenie ciep\u0142a.<\/strong><\/p><p>Na podstawie art. 3 ust. 8-10 ustawy z dnia 12 wrze\u015bnia 2025 r. o bonie ciep\u0142owniczym oraz o zmianie niekt\u00f3rych ustaw w celu ograniczenia wysoko\u015bci cen energii elektrycznej. Przedsi\u0119biorstwo Gospodarki Komunalnej i Mieszkaniowej Sp. z o. o. informuje, \u017ce <strong>jednosk\u0142adnikowa cena ciep\u0142a<\/strong> przesy\u0142anego i sprzedawanego w naszym Przedsi\u0119biorstwie zgodnie z Taryf\u0105, kt\u00f3ra wesz\u0142a w \u017cycie od 1 sierpnia 2025 (Decyzja z dnia 30 czerwca 2025 r. OKR.ZR.4210.5.2025.MGi) wynosi:<\/p><p><strong>Cena netto: 118,72 z\u0142\/GJ<\/strong><\/p><p><strong>Grupa taryfowa: W1<\/strong><\/p><p><strong>Obowi\u0105zuje od: 01.08.2025 r.<\/strong><\/p><p><strong>Stan na dzie\u0144: 30.09.2025 r.<\/strong><\/p><p>\u00a0<\/p><p><strong>Ekologiczna Kot\u0142ownia Miejska PGKiM<\/strong> jest jedynym dostawc\u0105 ciep\u0142a dla odbiorc\u00f3w ostatecznych (nie sprzedajemy ciep\u0142a po\u015brednikom, a jedynie odbiorcom ko\u0144cowym), kt\u00f3rych mo\u017cemy sklasyfikowa\u0107 w 4 grupach:<\/p><p><strong>Wsp\u00f3lnoty Mieszkaniowe<\/strong><br \/>&#8211; 38 wsp\u00f3lnot (budynki mieszkalne wielolokalowe)<\/p><p><strong>Urz\u0119dy, budynki u\u017cyteczno\u015bci publicznej, instytucje, sklepy<\/strong><br \/>&#8211; 9 odbiorc\u00f3w (13 w\u0119z\u0142\u00f3w indywidualnych)<\/p><p><strong>Odbiorcy indywidualni<\/strong><br \/>&#8211; 5 odbiorc\u00f3w (5 w\u0119z\u0142\u00f3w indywidualnych)<\/p><p><strong>Odbiorcy wewn\u0119trzni \u2013 budynki PGKiM <\/strong><\/p><p>\u0179r\u00f3d\u0142ami ciep\u0142a naszej kot\u0142owni s\u0105 dwa kot\u0142y wodne o \u0142\u0105cznej mocy 8 MW (4,5 MW + 3,5 MW) a paliwem w nich spalanym jest w\u0142\u0105cznie zr\u0119bka drzewna.<\/p><p>Cen\u0119 wyprodukowanego ciep\u0142a oraz koszt jego dostawy do odbiorc\u00f3w reguluje taryfa na ciep\u0142o zatwierdzana przez Urz\u0105d Regulacji Energetyki \u2013 plik do pobrania<\/p><p style=\"text-align: center;\"><strong>Co to jest i kiedy si\u0119 zaczyna sezon grzewczy?<\/strong><\/p><p>Sezon grzewczy to okres, w kt\u00f3rym warunki atmosferyczne wymagaj\u0105 sta\u0142ego dostarczania ciep\u0142a do budynk\u00f3w i nie jest on jednoznacznie regulowany przepisami. Regulacje dotycz\u0105ce sezonu grzewczego wynikaj\u0105 z Rozporz\u0105dzenia Ministra Gospodarki z 15 stycznia 2007 r. o szczeg\u00f3\u0142owych warunkach funkcjonowania system\u00f3w ciep\u0142owniczych. Przepisy te nie okre\u015blaj\u0105 jednak konkretnej daty rozpocz\u0119cia sezonu, co oznacza, \u017ce jego pocz\u0105tek mo\u017ce r\u00f3\u017cni\u0107 si\u0119 w zale\u017cno\u015bci od regionu kraju.<br \/>Zazwyczaj sezon grzewczy rozpoczyna si\u0119 na prze\u0142omie wrze\u015bnia i pa\u017adziernika, a ko\u0144czy pod koniec marca lub kwietnia. O rozpocz\u0119ciu sezonu grzewczego decyduj\u0105 warunki pogodowe, a nie ustalone z g\u00f3ry przepisy. Kiedy\u015b sezon grzewczy zaczyna\u0142 si\u0119 po trzech kolejnych dniach, gdy temperatura na zewn\u0105trz wynosi\u0142a poni\u017cej 12-10\u00b0C. Obecnie przepisy dotycz\u0105ce minimalnych temperatur wewn\u0105trz pomieszcze\u0144 s\u0105 kluczowe dla decyzji o w\u0142\u0105czeniu ogrzewania. Minimalna temperatura w kuchniach, pokojach dziennych oraz biurach to 20\u00b0C, natomiast w \u0142azienkach temperatura powinna wynosi\u0107 minimum 22\u00b0C.<\/p><p style=\"text-align: center;\"><strong>ZASADY RACJONALNEGO OGRZEWANIA I OSZCZ\u0118DZANIA CIEP\u0141A W\u00a0MIESZKANIACH<\/strong><\/p><p>Nawet w czasie trwaj\u0105cego sezonu grzewczego mo\u017cna, dzi\u0119ki kilku prostym zabiegom, zmniejszy\u0107 koszty ogrzewania. Poni\u017cej podajemy kilka podstawowych zasad oszcz\u0119dnego gospodarowania energi\u0105 ciepln\u0105:<\/p><p><strong>Odpowiednia temperatura<\/strong><\/p><p>Temperatura wewn\u0105trz mieszkania powinna by\u0107 dostosowana do aktywno\u015bci domownik\u00f3w i\u00a0charakteru pomieszczenia. Obni\u017cajmy temperatur\u0119 w mieszkaniu na czas naszej nieobecno\u015bci i\u00a0na noc lub w pomieszczeniach, z kt\u00f3rych korzystamy rzadziej. Nie wymaga to \u017cadnej rozbudowanej automatyki, wystarczy r\u0119cznie przykr\u0119ci\u0107 zawory na grzejnikach. Nie ma te\u017c potrzeby, by wszystkie pomieszczenia by\u0142y tak samo ogrzewane \u2013\u00a0najwa\u017cniejsze s\u0105 wn\u0119trza, w\u00a0kt\u00f3rych przebywa si\u0119 w ci\u0105gu dnia (temp. 20\u00b0C), sypialnie natomiast mog\u0105 pozosta\u0107 ch\u0142odniejsze (temp. 17\u201318\u00b0C). Jedynie \u0142azienka powinna by\u0107 ogrzana do 22\u00b0C.<\/p><p><strong>Odpowiednie wietrzenie pomieszcze\u0144<\/strong><\/p><p>Cz\u0119stym b\u0142\u0119dem, kt\u00f3ry pope\u0142niamy jest d\u0142ugotrwa\u0142e wietrzenie pokoju przy lekko uchylonym oknie i otwartych zaworach grzejnikowych. Zapewnia to \u015bwie\u017ce powietrze, ale r\u00f3wnocze\u015bnie przynosi wysokie straty ciep\u0142a, kt\u00f3rych odzwierciedleniem s\u0105 spore rachunki za ogrzewanie. Nale\u017cy wietrzy\u0107 cz\u0119\u015bciej, ale kr\u00f3cej, przy jednoczesnej minimalnej temperaturze ustawionej na zaworze grzejnika.<\/p><p><strong>Uszczelnienie okien i drzwi<\/strong><\/p><p>Nie zawsze pami\u0119tamy o tym, \u017ce przed zim\u0105 nale\u017cy sprawdzi\u0107 jako\u015b\u0107 uszczelek w oknach i\u00a0drzwiach. Nawet w sezonie grzewczym mo\u017cemy wymieni\u0107 stare uszczelki na nowe z gumy lub g\u0105bki. Z pewno\u015bci\u0105 jednak nale\u017cy si\u0119 z tym po\u015bpieszy\u0107, gdy\u017c uszczelek nie nale\u017cy przykleja\u0107 w czasie mroz\u00f3w.<\/p><p>Zamykajmy drzwi za sob\u0105 wchodz\u0105c do klatek schodowych, dodatkowo warto zainstalowa\u0107 samozamykacze do drzwi zewn\u0119trznych. Sprawd\u017amy i r\u00f3wnie\u017c pozamykajmy okienka w pomieszczeniach piwnicznych ale r\u00f3wnie\u017c te wyst\u0119puj\u0105ce na klatkach schodowych i p\u00f3\u0142pi\u0119trach.<\/p><p><strong>Ods\u0142oni\u0119te grzejniki<\/strong><\/p><p>Pami\u0119tajmy o tym, \u017ce zas\u0142oni\u0119te meblami czy zas\u0142onami lub wr\u0119cz zabudowane grzejniki mog\u0105 obni\u017cy\u0107 sw\u0105 efektywno\u015b\u0107 nawet o 20%. Podobny skutek mog\u0105 dawa\u0107 zamontowane na grzejnikach suszarki na r\u0119czniki, bielizn\u0119 itp. Tylko odkryte kaloryfery stanowi\u0105 gwarancj\u0119 tego, \u017ce ciep\u0142o mo\u017ce rozchodzi\u0107 si\u0119 w pomieszczeniach bez przeszk\u00f3d.<\/p><p><strong>Kiedy zas\u0142oni\u0119te okna<\/strong><\/p><p>W sezonie zimowym kiedy dni s\u0105 pochmurne i kr\u00f3tsze &#8211; mniej korzystamy z o\u015bwietlenia naturalnego. Wykorzystajmy to zas\u0142aniaj\u0105c okna jak najwcze\u015bniej. Zas\u0142ony, firanki, \u017caluzje czy rolety b\u0119d\u0105 stanowi\u0142y kolejn\u0105 barier\u0119 dla uchodz\u0105cego z mieszkania ciep\u0142a, co pozwoli na kolejne oszcz\u0119dno\u015bci. Unikajmy jednak zas\u0142on poni\u017cej parapetu, kt\u00f3re zas\u0142aniaj\u0105 grzejniki. Prowadzi to do ogrzewania przestrzeni pomi\u0119dzy zas\u0142on\u0105 a oknem zamiast ca\u0142ego pomieszczenia.<\/p><p>Podczas dni pogodnych korzystajmy z energii s\u0142onecznej. Nie zas\u0142aniajmy wtedy okien w\u00a0ci\u0105gu dnia, je\u017celi mieszkanie usytuowane jest w nas\u0142onecznionym miejscu.<\/p><p><strong>Ekrany zagrzejnikowe<\/strong><\/p><p>Elementy w postaci ekran\u00f3w zagrzejnikowych zapobiegaj\u0105 nagrzewaniu si\u0119 \u015bciany za kaloryferem, dzi\u0119ki czemu chroni\u0105 przed ucieczk\u0105 ciep\u0142a na zewn\u0105trz. Jest to szczeg\u00f3lnie istotne, je\u015bli grzejnik schowany jest we wn\u0119ce, czyli \u015bciana w tym miejscu jest cie\u0144sza (charakteryzuje si\u0119 w\u00f3wczas wy\u017cszym wsp\u00f3\u0142czynnikiem przenikania ciep\u0142a U). Zamontowane za grzejnikami ekrany odbijaj\u0105ce ciep\u0142o, pozwalaj\u0105 zaoszcz\u0119dzi\u0107 oko\u0142o 4% koszt\u00f3w ogrzewania.<\/p><p><strong>Stosuj\u0105c powy\u017csze wskaz\u00f3wki mo\u017cna zaoszcz\u0119dzi\u0107 zu\u017cywan\u0105 energi\u0119 ciepln\u0105, co na pewno b\u0119dzie zauwa\u017calne podczas corocznych rozlicze\u0144. Jednak podstawowym warunkiem, kt\u00f3ry musi by\u0107 spe\u0142niony, aby faktycznie te oszcz\u0119dno\u015bci by\u0142y zauwa\u017calne jest stosowanie powy\u017cszych zasad przez wszystkich mieszka\u0144c\u00f3w budynk\u00f3w wielolokalowych. n<\/strong><\/p>\t\t\t\t\t\t\t\t<\/div>\n\t\t\t\t\t<\/div>\n\t\t<\/div>\n\t\t\t\t\t<\/div>\n\t\t<\/section>\n\t\t\t\t<\/div>\n\t\t","protected":false},"excerpt":{"rendered":"<p>Informacja o jednosk\u0142adnikowej cenie ciep\u0142a. Na podstawie art. 3 ust. 8-10 ustawy z dnia 12 wrze\u015bnia 2025 r. o bonie ciep\u0142owniczym oraz o zmianie niekt\u00f3rych ustaw w celu ograniczenia wysoko\u015bci cen energii elektrycznej. Przedsi\u0119biorstwo Gospodarki Komunalnej i Mieszkaniowej Sp. z o. o. informuje, \u017ce jednosk\u0142adnikowa cena ciep\u0142a przesy\u0142anego i sprzedawanego w naszym Przedsi\u0119biorstwie zgodnie z&hellip;<\/p>\n","protected":false},"author":3,"featured_media":0,"parent":0,"menu_order":0,"comment_status":"closed","ping_status":"closed","template":"","meta":{"content-type":"","ngg_post_thumbnail":0,"footnotes":""},"class_list":["post-4536","page","type-page","status-publish","hentry"],"_links":{"self":[{"href":"https:\/\/pgkimnowadeba.pl\/index.php\/wp-json\/wp\/v2\/pages\/4536","targetHints":{"allow":["GET"]}}],"collection":[{"href":"https:\/\/pgkimnowadeba.pl\/index.php\/wp-json\/wp\/v2\/pages"}],"about":[{"href":"https:\/\/pgkimnowadeba.pl\/index.php\/wp-json\/wp\/v2\/types\/page"}],"author":[{"embeddable":true,"href":"https:\/\/pgkimnowadeba.pl\/index.php\/wp-json\/wp\/v2\/users\/3"}],"replies":[{"embeddable":true,"href":"https:\/\/pgkimnowadeba.pl\/index.php\/wp-json\/wp\/v2\/comments?post=4536"}],"version-history":[{"count":2,"href":"https:\/\/pgkimnowadeba.pl\/index.php\/wp-json\/wp\/v2\/pages\/4536\/revisions"}],"predecessor-version":[{"id":4880,"href":"https:\/\/pgkimnowadeba.pl\/index.php\/wp-json\/wp\/v2\/pages\/4536\/revisions\/4880"}],"wp:attachment":[{"href":"https:\/\/pgkimnowadeba.pl\/index.php\/wp-json\/wp\/v2\/media?parent=4536"}],"curies":[{"name":"wp","href":"https:\/\/api.w.org\/{rel}","templated":true}]}}