{"id":475,"date":"2022-07-15T00:35:36","date_gmt":"2022-07-14T22:35:36","guid":{"rendered":"http:\/\/pgkimnowadeba.pl\/?page_id=475"},"modified":"2025-11-25T17:18:31","modified_gmt":"2025-11-25T16:18:31","slug":"polityka-prywatnosci","status":"publish","type":"page","link":"https:\/\/pgkimnowadeba.pl\/index.php\/polityka-prywatnosci\/","title":{"rendered":"Polityka prywatno\u015bci"},"content":{"rendered":"\t\t<div data-elementor-type=\"wp-page\" data-elementor-id=\"475\" class=\"elementor elementor-475\">\n\t\t\t\t<div class=\"elementor-element elementor-element-099b21b e-flex e-con-boxed e-con e-parent\" data-id=\"099b21b\" data-element_type=\"container\" data-e-type=\"container\">\n\t\t\t\t\t<div class=\"e-con-inner\">\n\t\t\t\t<div class=\"elementor-element elementor-element-450d1f1 elementor-widget elementor-widget-heading\" data-id=\"450d1f1\" data-element_type=\"widget\" data-e-type=\"widget\" data-widget_type=\"heading.default\">\n\t\t\t\t\t<h2 class=\"elementor-heading-title elementor-size-default\">Polityka prywatno\u015bci<\/h2>\t\t\t\t<\/div>\n\t\t\t\t<div class=\"elementor-element elementor-element-779b1d6 elementor-widget elementor-widget-text-editor\" data-id=\"779b1d6\" data-element_type=\"widget\" data-e-type=\"widget\" data-widget_type=\"text-editor.default\">\n\t\t\t\t\t\t\t\t\t<p><strong>DEFINICJE<\/strong><\/p><p><strong>Administrator:<\/strong> Przedsi\u0119biorstwo Gospodarki Komunalnej i Mieszkaniowej Sp. z o.o .<br \/>z siedzib\u0105 w Nowej D\u0119bie przy ul. Le\u015bna\u00a0 1, 39-460, (PGKiM Sp. z o.o) wpisana do rejestru przedsi\u0119biorc\u00f3w prowadzonego przez S\u0105d Rejonowy w Rzeszowie, XII Wydzia\u0142 Gospodarczy Krajowego Rejestru S\u0105dowego, pod numerem KRS: 0000171618.<\/p><p><strong>Dane osobowe:<\/strong> wszystkie informacje o zidentyfikowanej lub mo\u017cliwej do zidentyfikowania osobie fizycznej poprzez jeden b\u0105d\u017a kilka szczeg\u00f3lnych czynnik\u00f3w okre\u015blaj\u0105cych fizyczn\u0105, fizjologiczn\u0105, genetyczn\u0105, psychiczn\u0105, ekonomiczn\u0105, kulturow\u0105 lub spo\u0142eczn\u0105 to\u017csamo\u015b\u0107 osoby fizycznej, w tym wizerunek, nagranie g\u0142osu, dane kontaktowe, dane o lokalizacji, informacje zawarte w korespondencji, informacje gromadzone za po\u015brednictwem sprz\u0119tu rejestruj\u0105cego lub innej podobnej technologii.<br \/>Polityka: niniejsza Polityka prywatno\u015bci.<\/p><p><strong>RODO:<\/strong> Rozporz\u0105dzenie Parlamentu Europejskiego i Rady (UE) 2016\/679 z dnia 27 kwietnia 2016 roku w sprawie ochrony os\u00f3b fizycznych w zwi\u0105zku z przetwarzaniem danych osobowych i w sprawie swobodnego przep\u0142ywu takich danych oraz uchylenia dyrektywy 95\/46\/WE.<\/p><p><strong>Osoba, kt\u00f3rej dane dotycz\u0105:<\/strong> ka\u017cda osoba fizyczna, kt\u00f3rej dane osobowe przetwarzane s\u0105 przez Administratora.<\/p><p><strong>Przetwarzanie danych:<\/strong> \u201eprzetwarzanie\u201d oznacza operacj\u0119 lub zestaw operacji wykonywanych na danych osobowych lub zestawach danych osobowych w spos\u00f3b zautomatyzowany lub niezautomatyzowany, tak\u0105 jak zbieranie, utrwalanie, organizowanie, porz\u0105dkowanie, przechowywanie, adaptowanie lub modyfikowanie, pobieranie, przegl\u0105danie, wykorzystywanie, ujawnianie poprzez przes\u0142anie, rozpowszechnianie lub innego rodzaju udost\u0119pnianie, dopasowywanie lub \u0142\u0105czenie, ograniczanie, usuwanie lub niszczenie.<\/p><p><strong>BEZPIECZE\u0143STWO DANYCH OSOBOWYCH ORAZ ICH PRZETWARZANIE PRZEZ ADMINISTRATORA<\/strong><\/p><p>Administrator zbiera i przetwarza dane osobowe swoich klient\u00f3w w zwi\u0105zku z prowadzon\u0105 przez siebie dzia\u0142alno\u015bci\u0105, w spos\u00f3b przejrzysty i zgodny z przepisami w\u0142a\u015bciwymi do zakresu przetwarzania oraz RODO.<br \/>Dane osobowe b\u0119d\u0105 zbierane i przetwarzane wy\u0142\u0105cznie w zakresie niezb\u0119dnym do wykonania us\u0142ugi zawartej w umowie i do momentu jej zako\u0144czenia. Okres przetwarzania danych\u00a0 mo\u017ce tak\u017ce wynika\u0107 z przepis\u00f3w prawa, w przypadku, gdy stanowi\u0105 one podstaw\u0119 przetwarzania.<br \/>Klient jest zawsze informowany podczas pozyskiwania danych o celu przetwarzania przez Administratora danych. Administrator zapewnia bezpiecze\u0144stwo i poufno\u015b\u0107 zbieranych<br \/>i przetwarzanych danych.<\/p><p><strong>CELE PRZETWARZANIA DANYCH PRZEZ ADMINISTRATORA<\/strong><\/p><p><strong>Korespondencja e-mailowa oraz tradycyjna<\/strong><br \/>W\u00a0 przypadku gdy Administrator otrzyma korespondencj\u0119 e-mailow\u0105 lub tradycyjn\u0105 od osoby nieb\u0119d\u0105cej jeszcze klientem Administratora, np. z zapytaniem o us\u0142ug\u0119, dane zawarte w tej korespondencji b\u0119d\u0105 przetwarzane wy\u0142\u0105cznie w celach za\u0142atwienia sprawy (art. 6 ust. 1 lit f RODO), z jak\u0105 zwr\u00f3cono si\u0119 do PGKiM Sp. z o.o.. Administrator mo\u017ce poprosi\u0107 o podanie dodatkowych danych w takim zakresie i wy\u0142\u0105cznie w takim, jaki b\u0119dzie niezb\u0119dny do za\u0142atwienia sprawy, z jak\u0105 zwr\u00f3cono si\u0119 do niego, a brak podania owych danych uniemo\u017cliwia\u0107 b\u0119dzie pozytywne rozwi\u0105zanie sprawy lub podj\u0119cie si\u0119 wykonania okre\u015blonej us\u0142ugi czy celu..<\/p><p><strong>Formularz kontaktowy na stronie internetowej<\/strong><br \/>Za pomoc\u0105 formularza kontaktowego zamieszczonego na stronie internetowej osoba\u00a0 ma mo\u017cliwo\u015b\u0107 skontaktowania si\u0119 z Administratorem w celu wykonania us\u0142ugi. Dane osobowe przes\u0142ane w formularzu przetwarzane b\u0119d\u0105 w celu udzielenia odpowiedzi na przes\u0142an\u0105 korespondencj\u0119\u00a0 (art. 6 ust. 1 lit b RODO).<\/p><p><strong>Kontakt telefoniczny<\/strong><\/p><p>W przypadku kontaktowania si\u0119 z Administratorem drog\u0105 telefoniczn\u0105, w sprawach niezwi\u0105zanych z zawart\u0105 umow\u0105 lub \u015bwiadczonymi us\u0142ugami, Administrator mo\u017ce \u017c\u0105da\u0107 podania danych osobowych tylko w\u00f3wczas, gdy b\u0119dzie to niezb\u0119dne do obs\u0142ugi sprawy, kt\u00f3rej dotyczy kontakt (art. 6 ust. 1 lit f RODO). Odmowa udzielenia \u017c\u0105danych informacji uniemo\u017cliwi obs\u0142ug\u0119 i za\u0142atwienie sprawy przez Administratora.<\/p><p><strong>Monitoring wizyjny<\/strong><\/p><p>Teren zarz\u0105dzany przez Administratora jest obj\u0119ty monitoringiem wizyjnym oraz obowi\u0105zuje na nim kontrola wst\u0119pu. Jest to niezb\u0119dne do zachowania bezpiecze\u0144stwa os\u00f3b i mienia, kt\u00f3rym zarz\u0105dza PGKiM Sp. z o.o..\u00a0 W zwi\u0105zku z tym istnieje konieczno\u015b\u0107 podania danych osobowych w celu uzyskania wst\u0119pu na teren Administratora, odmowa podania danych skutkuje brakiem zgody na wst\u0119p. Dane zbierane w ten spos\u00f3b u\u017cywane s\u0105 wy\u0142\u0105cznie przez PGKiM Sp. z o.o.\u00a0 w celu zapewnienia bezpiecze\u0144stwa oraz ewentualnego dochodzenia roszcze\u0144\u00a0 lub obrony (art. 6 ust. 1 lit. f RODO).\u00a0<\/p><p><strong>Rekrutacja<\/strong><br \/>Wszelkie dane osobowe uzyskiwane przez Administratora w procesie rekrutacyjnym (w CV czy li\u015bcie motywacyjnym) s\u0105 przetwarzane wy\u0142\u0105cznie w procesie rekrutacyjnym\u00a0 i usuwane po jego zako\u0144czeniu w razie odrzucenia kandydatury lub za otrzymaniem dodatkowej zgody przetrzymywane prze Administratora do przysz\u0142ych cel\u00f3w rekrutacyjnych (art. 6 ust. 1 lit a RODO). Administrator zwraca uwag\u0119, aby osoby kandyduj\u0105ce unika\u0142y przekazywania innych informacji ni\u017c te, o kt\u00f3re prosi Administrator w og\u0142oszeniu o prac\u0119 (art. 6 ust. 1 lit c RODO). Wszelkie dodatkowe i zb\u0119dne dla Administratora informacje nie b\u0119d\u0105 zbierane, przetwarzane ani te\u017c uwzgl\u0119dniane w procesie rekrutacyjnym. Jednocze\u015bnie zgoda na przetwarzanie danych osobowych do cel\u00f3w rekrutacyjnych jest niezb\u0119dna do przeprowadzenia procesu rekrutacyjnego w przypadku pozyskania danych niewymagaj\u0105cych przepisami prawa, w takim wypadku brak zgody w przesy\u0142anych dokumentach aplikacyjnych uniemo\u017cliwia rozpocz\u0119cie procedury rekrutacyjnej (art. 6 ust. 1 lit a RODO);.\u00a0<\/p><p><strong>Przetwarzanie danych osobowych w zam\u00f3wieniach publicznych i niepublicznych<\/strong><br \/>Administrator zgodnie z prawem przetwarza dane osobowe Wykonawc\u00f3w w trakcie prowadzenia post\u0119powa\u0144 w trybie ustawy \u2013 Prawo zam\u00f3wie\u0144 publicznych (PZP) oraz (art. 6 ust. 1 lit c RODO).<br \/>Dane osobowe Wykonawc\u00f3w przetwarzane s\u0105 w celu umo\u017cliwienia udzia\u0142u w post\u0119powaniu i jego przeprowadzenia, zgodnie z przepisami PZP (art. 6 ust. 1 lit c RODO), a w razie wyboru oferty wykonawcy, tak\u017ce w celu zawarcia i wykonania umowy (art. 6 ust. 1 lit b RODO). W przypadku\u00a0 prowadzenia post\u0119powa\u0144 niepublicznych, podstaw\u0105 prawn\u0105 przetwarzania jest podj\u0119cie dzia\u0142a\u0144 niezb\u0119dnych do zawarcia i wykonania umowy z wykonawc\u0105 (art. 6 ust. 1lit b RODO).<br \/>Dane osobowe os\u00f3b (kwalifikacje, uprawnienia, forma zatrudnienia, dane kontaktowe) podanych przez Wykonawc\u0119 w dokumentacji przetargowej mog\u0105 by\u0107 przetwarzane przez Administratora (art. 6 ust. 1 lit c i f RODO) przez okres niezb\u0119dny do przeprowadzenia post\u0119powania, wybrania oferty a w razie zawarcia umowy \u2013 tak\u017ce przez okres jej wykonania.<\/p><p><strong>Zbieranie danych w innych przypadkach<\/strong><br \/>Podanie danych osobowych w wizyt\u00f3wkach jest dobrowolnym dzia\u0142aniem w celu przetwarzania nawi\u0105zanie i utrzymywanie kontakt\u00f3w biznesowych (art. 6 ust. 1 lit f RODO).<\/p><p><strong>UPRAWNIENIA ZWI\u0104ZANE Z PRZETWARZANIEM DANYCH OSOBOWYCH<\/strong><\/p><p>Osobie kt\u00f3rej dane dotycz\u0105 przys\u0142uguj\u0105 nast\u0119puj\u0105ce prawa:<br \/>a. prawo do \u017c\u0105dania dost\u0119pu do swoich danych, ich sprostowania, usuni\u0119cia lub ograniczenia przetwarzania,<br \/>b. prawo do wniesienia sprzeciwu wobec przetwarzania danych,<br \/>c. prawo do przenoszenia danych \u2013 na tej podstawie w zakres w jakim dane s\u0105 przetwarzane w zwi\u0105zku z zawart\u0105 umow\u0105 lub wyra\u017ceniem zgody, Administrator wyda dane dostarczone przez osob\u0119 kt\u00f3rej dane dotycz\u0105, w formacie pozwalaj\u0105cym na ich odczyt przez komputer,<br \/>d. prawo do cofni\u0119cia zgody na przetwarzanie danych osobowych w okre\u015blonym celu, je\u017celi Osoba uprzednio tak\u0105 zgod\u0119 wyrazi\u0142a,<br \/>e. prawo do wniesienia skargi do organu nadzorczego ( Prezesa Urz\u0119du Ochrony Danych Osobowych) w zwi\u0105zku z przetwarzaniem danych osobowych przez Administratora .<\/p><p>Administrator danych wyznaczy\u0142 Inspektora Ochrony Danych, z kt\u00f3rym mo\u017cna skontaktowa\u0107 si\u0119 poprzez e-mail biuro@pgkim.nowadeba.pl w ka\u017cdej sprawie dotycz\u0105cej przetwarzania danych osobowych.<\/p><p><strong>ZMIANY POLITYKI<\/strong><\/p><p>Polityka jest na bie\u017c\u0105co weryfikowana i w razie potrzeb aktualizowana.<br \/>Aktualna wersja obowi\u0105zuje od 25 maja 2018 r.<\/p>\t\t\t\t\t\t\t\t<\/div>\n\t\t\t\t\t<\/div>\n\t\t\t\t<\/div>\n\t\t\t\t<\/div>\n\t\t","protected":false},"excerpt":{"rendered":"<p>Polityka prywatno\u015bci DEFINICJE Administrator: Przedsi\u0119biorstwo Gospodarki Komunalnej i Mieszkaniowej Sp. z o.o .z siedzib\u0105 w Nowej D\u0119bie przy ul. Le\u015bna\u00a0 1, 39-460, (PGKiM Sp. z o.o) wpisana do rejestru przedsi\u0119biorc\u00f3w prowadzonego przez S\u0105d Rejonowy w Rzeszowie, XII Wydzia\u0142 Gospodarczy Krajowego Rejestru S\u0105dowego, pod numerem KRS: 0000171618. Dane osobowe: wszystkie informacje o zidentyfikowanej lub mo\u017cliwej do&hellip;<\/p>\n","protected":false},"author":1,"featured_media":0,"parent":0,"menu_order":0,"comment_status":"closed","ping_status":"closed","template":"","meta":{"content-type":"","ngg_post_thumbnail":0,"footnotes":""},"class_list":["post-475","page","type-page","status-publish","hentry"],"_links":{"self":[{"href":"https:\/\/pgkimnowadeba.pl\/index.php\/wp-json\/wp\/v2\/pages\/475","targetHints":{"allow":["GET"]}}],"collection":[{"href":"https:\/\/pgkimnowadeba.pl\/index.php\/wp-json\/wp\/v2\/pages"}],"about":[{"href":"https:\/\/pgkimnowadeba.pl\/index.php\/wp-json\/wp\/v2\/types\/page"}],"author":[{"embeddable":true,"href":"https:\/\/pgkimnowadeba.pl\/index.php\/wp-json\/wp\/v2\/users\/1"}],"replies":[{"embeddable":true,"href":"https:\/\/pgkimnowadeba.pl\/index.php\/wp-json\/wp\/v2\/comments?post=475"}],"version-history":[{"count":0,"href":"https:\/\/pgkimnowadeba.pl\/index.php\/wp-json\/wp\/v2\/pages\/475\/revisions"}],"wp:attachment":[{"href":"https:\/\/pgkimnowadeba.pl\/index.php\/wp-json\/wp\/v2\/media?parent=475"}],"curies":[{"name":"wp","href":"https:\/\/api.w.org\/{rel}","templated":true}]}}