{"id":744,"date":"2022-07-15T21:00:04","date_gmt":"2022-07-15T19:00:04","guid":{"rendered":"http:\/\/pgkimnowadeba.pl\/?page_id=744"},"modified":"2026-02-05T10:29:23","modified_gmt":"2026-02-05T09:29:23","slug":"wnioski-do-pobrania","status":"publish","type":"page","link":"https:\/\/pgkimnowadeba.pl\/index.php\/wnioski-do-pobrania\/","title":{"rendered":"WNIOSKI DO POBRANIA"},"content":{"rendered":"\t\t<div data-elementor-type=\"wp-page\" data-elementor-id=\"744\" class=\"elementor elementor-744\">\n\t\t\t\t\t\t<section class=\"elementor-section elementor-top-section elementor-element elementor-element-8885c44 elementor-section-boxed elementor-section-height-default elementor-section-height-default\" data-id=\"8885c44\" data-element_type=\"section\" data-e-type=\"section\">\n\t\t\t\t\t\t<div class=\"elementor-container elementor-column-gap-default\">\n\t\t\t\t\t<div class=\"elementor-column elementor-col-100 elementor-top-column elementor-element elementor-element-fd95046\" data-id=\"fd95046\" data-element_type=\"column\" data-e-type=\"column\">\n\t\t\t<div class=\"elementor-widget-wrap elementor-element-populated\">\n\t\t\t\t\t\t<div class=\"elementor-element elementor-element-ab86795 elementor-widget elementor-widget-text-editor\" data-id=\"ab86795\" data-element_type=\"widget\" data-e-type=\"widget\" data-widget_type=\"text-editor.default\">\n\t\t\t\t\t\t\t\t\t<h3 class=\"title\" style=\"text-align: center;\">POBIERZ WYBRANY WNIOSEK<\/h3>\t\t\t\t\t\t\t\t<\/div>\n\t\t\t\t\t<\/div>\n\t\t<\/div>\n\t\t\t\t\t<\/div>\n\t\t<\/section>\n\t\t\t\t<section class=\"elementor-section elementor-top-section elementor-element elementor-element-3d8dd68 elementor-section-boxed elementor-section-height-default elementor-section-height-default\" data-id=\"3d8dd68\" data-element_type=\"section\" data-e-type=\"section\">\n\t\t\t\t\t\t<div class=\"elementor-container elementor-column-gap-default\">\n\t\t\t\t\t<div class=\"elementor-column elementor-col-50 elementor-top-column elementor-element elementor-element-7eb354f\" data-id=\"7eb354f\" data-element_type=\"column\" data-e-type=\"column\">\n\t\t\t<div class=\"elementor-widget-wrap elementor-element-populated\">\n\t\t\t\t\t\t<div class=\"elementor-element elementor-element-3713f08 elementor-widget elementor-widget-text-editor\" data-id=\"3713f08\" data-element_type=\"widget\" data-e-type=\"widget\" data-widget_type=\"text-editor.default\">\n\t\t\t\t\t\t\t\t\t<p>\u00a0<strong>Rodzaj dokumentu<\/strong><\/p>\t\t\t\t\t\t\t\t<\/div>\n\t\t\t\t\t<\/div>\n\t\t<\/div>\n\t\t\t\t<div class=\"elementor-column elementor-col-50 elementor-top-column elementor-element elementor-element-381decf\" data-id=\"381decf\" data-element_type=\"column\" data-e-type=\"column\">\n\t\t\t<div class=\"elementor-widget-wrap elementor-element-populated\">\n\t\t\t\t\t\t<div class=\"elementor-element elementor-element-8d4d538 elementor-widget elementor-widget-text-editor\" data-id=\"8d4d538\" data-element_type=\"widget\" data-e-type=\"widget\" data-widget_type=\"text-editor.default\">\n\t\t\t\t\t\t\t\t\t<p>\u00a0<strong>Pobierz plik<\/strong><\/p>\t\t\t\t\t\t\t\t<\/div>\n\t\t\t\t\t<\/div>\n\t\t<\/div>\n\t\t\t\t\t<\/div>\n\t\t<\/section>\n\t\t<div class=\"elementor-element elementor-element-3c57b83 e-grid e-con-boxed e-con e-parent\" data-id=\"3c57b83\" data-element_type=\"container\" data-e-type=\"container\">\n\t\t\t\t\t<div class=\"e-con-inner\">\n\t\t\t\t<div class=\"elementor-element elementor-element-e4bc1ca elementor-widget elementor-widget-text-editor\" data-id=\"e4bc1ca\" data-element_type=\"widget\" data-e-type=\"widget\" data-widget_type=\"text-editor.default\">\n\t\t\t\t\t\t\t\t\t<p style=\"text-align: left;\">Wniosek o wydanie ZAPEWNIENIA odbioru \u015bciek\u00f3w ze ZBIORNIKA BEZODP\u0141YWOWEGO &#8211; oczyszczalni przydomowej<\/p>\t\t\t\t\t\t\t\t<\/div>\n\t\t\t\t<div class=\"elementor-element elementor-element-9b30ec1 elementor-widget elementor-widget-image\" data-id=\"9b30ec1\" data-element_type=\"widget\" data-e-type=\"widget\" data-widget_type=\"image.default\">\n\t\t\t\t\t\t\t\t\t\t\t\t<figure class=\"wp-caption\">\n\t\t\t\t\t\t\t\t\t\t\t<a href=\"https:\/\/pgkimnowadeba.pl\/wp-content\/uploads\/2026\/02\/wniosek_o_wydanie_zapewnienienia__ODBIORU-SCIEKOW-ZE-ZBIORNIKA-BEODPLYWOWEGO-OCZYSZCZALNI-PRZYDOMOWEJ.doc\">\n\t\t\t\t\t\t\t<img decoding=\"async\" width=\"120\" height=\"120\" src=\"https:\/\/pgkimnowadeba.pl\/wp-content\/uploads\/2022\/07\/word-image.jpg\" class=\"attachment-futurio-thumbnail size-futurio-thumbnail wp-image-761\" alt=\"\" srcset=\"https:\/\/pgkimnowadeba.pl\/wp-content\/uploads\/2022\/07\/word-image.jpg 256w, https:\/\/pgkimnowadeba.pl\/wp-content\/uploads\/2022\/07\/word-image-150x150.jpg 150w, https:\/\/pgkimnowadeba.pl\/wp-content\/uploads\/2022\/07\/elementor\/thumbs\/word-image-q0490wn9vx3707vjm6sxidw1iaw67m5rg9cy83poku.jpg 75w\" sizes=\"(max-width: 120px) 100vw, 120px\" \/>\t\t\t\t\t\t\t\t<\/a>\n\t\t\t\t\t\t\t\t\t\t\t<figcaption class=\"widget-image-caption wp-caption-text\">Wersja edytowalna<\/figcaption>\n\t\t\t\t\t\t\t\t\t\t<\/figure>\n\t\t\t\t\t\t\t\t\t<\/div>\n\t\t\t\t\t<\/div>\n\t\t\t\t<\/div>\n\t\t\t\t<section class=\"elementor-section elementor-top-section elementor-element elementor-element-1077b1f elementor-section-boxed elementor-section-height-default elementor-section-height-default\" data-id=\"1077b1f\" data-element_type=\"section\" data-e-type=\"section\">\n\t\t\t\t\t\t<div class=\"elementor-container elementor-column-gap-default\">\n\t\t\t\t\t<div class=\"elementor-column elementor-col-50 elementor-top-column elementor-element elementor-element-e572e8a\" data-id=\"e572e8a\" data-element_type=\"column\" data-e-type=\"column\">\n\t\t\t<div class=\"elementor-widget-wrap elementor-element-populated\">\n\t\t\t\t\t\t<div class=\"elementor-element elementor-element-d8077a5 elementor-widget elementor-widget-text-editor\" data-id=\"d8077a5\" data-element_type=\"widget\" data-e-type=\"widget\" data-widget_type=\"text-editor.default\">\n\t\t\t\t\t\t\t\t\t<p>Wniosek o wydanie ZAPEWNIENIENIA w\u0142\u0105czenia do sieci WOD.- KAN<\/p>\t\t\t\t\t\t\t\t<\/div>\n\t\t\t\t\t<\/div>\n\t\t<\/div>\n\t\t\t\t<div class=\"elementor-column elementor-col-50 elementor-top-column elementor-element elementor-element-e0a3462\" data-id=\"e0a3462\" data-element_type=\"column\" data-e-type=\"column\">\n\t\t\t<div class=\"elementor-widget-wrap elementor-element-populated\">\n\t\t\t\t\t\t<div class=\"elementor-element elementor-element-207194e elementor-widget elementor-widget-image\" data-id=\"207194e\" data-element_type=\"widget\" data-e-type=\"widget\" data-widget_type=\"image.default\">\n\t\t\t\t\t\t\t\t\t\t\t\t\t\t\t\t<a href=\"https:\/\/pgkimnowadeba.pl\/wp-content\/uploads\/2022\/07\/wniosek_o_wydanie_zapewnienienia__wlaczenia_do_sieci_wod.-_kan.pdf\">\n\t\t\t\t\t\t\t<img decoding=\"async\" src=\"https:\/\/pgkimnowadeba.pl\/wp-content\/uploads\/elementor\/thumbs\/ikona_pdf-q0490wn9vx3707vjm6sxidw1iaw67m5rg9cy83poku.png\" title=\"ikona_pdf\" alt=\"ikona_pdf\" loading=\"lazy\" \/>\t\t\t\t\t\t\t\t<\/a>\n\t\t\t\t\t\t\t\t\t\t\t\t\t\t\t<\/div>\n\t\t\t\t<div class=\"elementor-element elementor-element-a8cd84a elementor-widget elementor-widget-text-editor\" data-id=\"a8cd84a\" data-element_type=\"widget\" data-e-type=\"widget\" data-widget_type=\"text-editor.default\">\n\t\t\t\t\t\t\t\t\t<p>Wersja edytowalna<\/p>\t\t\t\t\t\t\t\t<\/div>\n\t\t\t\t<div class=\"elementor-element elementor-element-abdefa4 elementor-widget elementor-widget-image\" data-id=\"abdefa4\" data-element_type=\"widget\" data-e-type=\"widget\" data-widget_type=\"image.default\">\n\t\t\t\t\t\t\t\t\t\t\t\t\t\t\t\t<a href=\"https:\/\/pgkimnowadeba.pl\/wp-content\/uploads\/2022\/07\/wniosek_o_wydanie_zapewnienienia__wlaczenia_do_sieci_wod.-_kan.doc\" target=\"_blank\">\n\t\t\t\t\t\t\t<img decoding=\"async\" src=\"https:\/\/pgkimnowadeba.pl\/wp-content\/uploads\/elementor\/thumbs\/word-image-q0490wn9vx3707vjm6sxidw1iaw67m5rg9cy83poku.jpg\" title=\"word-image\" alt=\"word-image\" loading=\"lazy\" \/>\t\t\t\t\t\t\t\t<\/a>\n\t\t\t\t\t\t\t\t\t\t\t\t\t\t\t<\/div>\n\t\t\t\t\t<\/div>\n\t\t<\/div>\n\t\t\t\t\t<\/div>\n\t\t<\/section>\n\t\t\t\t<section class=\"elementor-section elementor-top-section elementor-element elementor-element-6f77efe elementor-section-boxed elementor-section-height-default elementor-section-height-default\" data-id=\"6f77efe\" data-element_type=\"section\" data-e-type=\"section\">\n\t\t\t\t\t\t<div class=\"elementor-container elementor-column-gap-default\">\n\t\t\t\t\t<div class=\"elementor-column elementor-col-50 elementor-top-column elementor-element elementor-element-a8facc1\" data-id=\"a8facc1\" data-element_type=\"column\" data-e-type=\"column\">\n\t\t\t<div class=\"elementor-widget-wrap elementor-element-populated\">\n\t\t\t\t\t\t<div class=\"elementor-element elementor-element-6940b9e elementor-widget elementor-widget-text-editor\" data-id=\"6940b9e\" data-element_type=\"widget\" data-e-type=\"widget\" data-widget_type=\"text-editor.default\">\n\t\t\t\t\t\t\t\t\t<p>Wniosek o wydanie WARUNK\u00d3W TECHNICZNYCH w\u0142\u0105czenia do sieci WOD.- KAN<\/p>\t\t\t\t\t\t\t\t<\/div>\n\t\t\t\t\t<\/div>\n\t\t<\/div>\n\t\t\t\t<div class=\"elementor-column elementor-col-50 elementor-top-column elementor-element elementor-element-a378e4c\" data-id=\"a378e4c\" data-element_type=\"column\" data-e-type=\"column\">\n\t\t\t<div class=\"elementor-widget-wrap elementor-element-populated\">\n\t\t\t\t\t\t<div class=\"elementor-element elementor-element-2507feb elementor-widget elementor-widget-image\" data-id=\"2507feb\" data-element_type=\"widget\" data-e-type=\"widget\" data-widget_type=\"image.default\">\n\t\t\t\t\t\t\t\t\t\t\t\t\t\t\t\t<a href=\"https:\/\/pgkimnowadeba.pl\/wp-content\/uploads\/2022\/07\/wniosek_o_wydanie_warunkow__technicznych_wlaczenia_do_sieci_wod.-_kan.pdf\" target=\"_blank\">\n\t\t\t\t\t\t\t<img decoding=\"async\" src=\"https:\/\/pgkimnowadeba.pl\/wp-content\/uploads\/elementor\/thumbs\/ikona_pdf-q0490wn9vx3707vjm6sxidw1iaw67m5rg9cy83poku.png\" title=\"ikona_pdf\" alt=\"ikona_pdf\" loading=\"lazy\" \/>\t\t\t\t\t\t\t\t<\/a>\n\t\t\t\t\t\t\t\t\t\t\t\t\t\t\t<\/div>\n\t\t\t\t<div class=\"elementor-element elementor-element-059240c elementor-widget elementor-widget-text-editor\" data-id=\"059240c\" data-element_type=\"widget\" data-e-type=\"widget\" data-widget_type=\"text-editor.default\">\n\t\t\t\t\t\t\t\t\t<p>Wersja edytowalna<\/p>\t\t\t\t\t\t\t\t<\/div>\n\t\t\t\t<div class=\"elementor-element elementor-element-c9e7369 elementor-widget elementor-widget-image\" data-id=\"c9e7369\" data-element_type=\"widget\" data-e-type=\"widget\" data-widget_type=\"image.default\">\n\t\t\t\t\t\t\t\t\t\t\t\t\t\t\t\t<a href=\"https:\/\/pgkimnowadeba.pl\/wp-content\/uploads\/2022\/07\/wniosek_o_wydanie_warunkow__technicznych_wlaczenia_do_sieci_wod.-_kan.doc\" target=\"_blank\">\n\t\t\t\t\t\t\t<img decoding=\"async\" src=\"https:\/\/pgkimnowadeba.pl\/wp-content\/uploads\/elementor\/thumbs\/word-image-q0490wn9vx3707vjm6sxidw1iaw67m5rg9cy83poku.jpg\" title=\"word-image\" alt=\"word-image\" loading=\"lazy\" \/>\t\t\t\t\t\t\t\t<\/a>\n\t\t\t\t\t\t\t\t\t\t\t\t\t\t\t<\/div>\n\t\t\t\t\t<\/div>\n\t\t<\/div>\n\t\t\t\t\t<\/div>\n\t\t<\/section>\n\t\t\t\t<section class=\"elementor-section elementor-top-section elementor-element elementor-element-4b9102a elementor-section-boxed elementor-section-height-default elementor-section-height-default\" data-id=\"4b9102a\" data-element_type=\"section\" data-e-type=\"section\">\n\t\t\t\t\t\t<div class=\"elementor-container elementor-column-gap-default\">\n\t\t\t\t\t<div class=\"elementor-column elementor-col-50 elementor-top-column elementor-element elementor-element-b7bea5d\" data-id=\"b7bea5d\" data-element_type=\"column\" data-e-type=\"column\">\n\t\t\t<div class=\"elementor-widget-wrap elementor-element-populated\">\n\t\t\t\t\t\t<div class=\"elementor-element elementor-element-e266c3c elementor-widget elementor-widget-text-editor\" data-id=\"e266c3c\" data-element_type=\"widget\" data-e-type=\"widget\" data-widget_type=\"text-editor.default\">\n\t\t\t\t\t\t\t\t\t<p>Wniosek o zawarcie umowy na zaopatrzenie w wod\u0119 lub odprowadzenie \u015bciek\u00f3w<\/p>\t\t\t\t\t\t\t\t<\/div>\n\t\t\t\t\t<\/div>\n\t\t<\/div>\n\t\t\t\t<div class=\"elementor-column elementor-col-50 elementor-top-column elementor-element elementor-element-29e481a\" data-id=\"29e481a\" data-element_type=\"column\" data-e-type=\"column\">\n\t\t\t<div class=\"elementor-widget-wrap elementor-element-populated\">\n\t\t\t\t\t\t<div class=\"elementor-element elementor-element-e0a3ed2 elementor-widget elementor-widget-image\" data-id=\"e0a3ed2\" data-element_type=\"widget\" data-e-type=\"widget\" data-widget_type=\"image.default\">\n\t\t\t\t\t\t\t\t\t\t\t\t\t\t\t\t<a href=\"https:\/\/pgkimnowadeba.pl\/wp-content\/uploads\/2022\/07\/wniosek_o_zawarcie_umowy_na_zaop_w_wode_lub_odprow_sciekow.pdf\" target=\"_blank\">\n\t\t\t\t\t\t\t<img decoding=\"async\" src=\"https:\/\/pgkimnowadeba.pl\/wp-content\/uploads\/elementor\/thumbs\/ikona_pdf-q0490wn9vx3707vjm6sxidw1iaw67m5rg9cy83poku.png\" title=\"ikona_pdf\" alt=\"ikona_pdf\" loading=\"lazy\" \/>\t\t\t\t\t\t\t\t<\/a>\n\t\t\t\t\t\t\t\t\t\t\t\t\t\t\t<\/div>\n\t\t\t\t\t<\/div>\n\t\t<\/div>\n\t\t\t\t\t<\/div>\n\t\t<\/section>\n\t\t\t\t<section class=\"elementor-section elementor-top-section elementor-element elementor-element-f7de61e elementor-section-boxed elementor-section-height-default elementor-section-height-default\" data-id=\"f7de61e\" data-element_type=\"section\" data-e-type=\"section\">\n\t\t\t\t\t\t<div class=\"elementor-container elementor-column-gap-default\">\n\t\t\t\t\t<div class=\"elementor-column elementor-col-50 elementor-top-column elementor-element elementor-element-2a4e971\" data-id=\"2a4e971\" data-element_type=\"column\" data-e-type=\"column\">\n\t\t\t<div class=\"elementor-widget-wrap elementor-element-populated\">\n\t\t\t\t\t\t<div class=\"elementor-element elementor-element-f217dcd elementor-widget elementor-widget-text-editor\" data-id=\"f217dcd\" data-element_type=\"widget\" data-e-type=\"widget\" data-widget_type=\"text-editor.default\">\n\t\t\t\t\t\t\t\t\t<p>Wniosek o uzgodnienie miejsca lokalizacji wodomierza na wod\u0119 bezpowrotnie zu\u017cyt\u0105<\/p>\t\t\t\t\t\t\t\t<\/div>\n\t\t\t\t\t<\/div>\n\t\t<\/div>\n\t\t\t\t<div class=\"elementor-column elementor-col-50 elementor-top-column elementor-element elementor-element-2cbb85e\" data-id=\"2cbb85e\" data-element_type=\"column\" data-e-type=\"column\">\n\t\t\t<div class=\"elementor-widget-wrap elementor-element-populated\">\n\t\t\t\t\t\t<div class=\"elementor-element elementor-element-0f64d0b elementor-widget elementor-widget-image\" data-id=\"0f64d0b\" data-element_type=\"widget\" data-e-type=\"widget\" data-widget_type=\"image.default\">\n\t\t\t\t\t\t\t\t\t\t\t\t\t\t\t\t<a href=\"https:\/\/pgkimnowadeba.pl\/wp-content\/uploads\/2022\/07\/wniosek_o_uzgodnienie_miejsca_lokalizacji_wodomierza.pdf\" target=\"_blank\">\n\t\t\t\t\t\t\t<img decoding=\"async\" src=\"https:\/\/pgkimnowadeba.pl\/wp-content\/uploads\/elementor\/thumbs\/ikona_pdf-q0490wn9vx3707vjm6sxidw1iaw67m5rg9cy83poku.png\" title=\"ikona_pdf\" alt=\"ikona_pdf\" loading=\"lazy\" \/>\t\t\t\t\t\t\t\t<\/a>\n\t\t\t\t\t\t\t\t\t\t\t\t\t\t\t<\/div>\n\t\t\t\t\t<\/div>\n\t\t<\/div>\n\t\t\t\t\t<\/div>\n\t\t<\/section>\n\t\t\t\t<section class=\"elementor-section elementor-top-section elementor-element elementor-element-f9a34f0 elementor-section-boxed elementor-section-height-default elementor-section-height-default\" data-id=\"f9a34f0\" data-element_type=\"section\" data-e-type=\"section\">\n\t\t\t\t\t\t<div class=\"elementor-container elementor-column-gap-default\">\n\t\t\t\t\t<div class=\"elementor-column elementor-col-50 elementor-top-column elementor-element elementor-element-6cb91a9\" data-id=\"6cb91a9\" data-element_type=\"column\" data-e-type=\"column\">\n\t\t\t<div class=\"elementor-widget-wrap elementor-element-populated\">\n\t\t\t\t\t\t<div class=\"elementor-element elementor-element-94a19e0 elementor-widget elementor-widget-text-editor\" data-id=\"94a19e0\" data-element_type=\"widget\" data-e-type=\"widget\" data-widget_type=\"text-editor.default\">\n\t\t\t\t\t\t\t\t\t<p>Wniosek o nadanie indywidualnego loginu i has\u0142a do systemu eCzynsze<\/p>\t\t\t\t\t\t\t\t<\/div>\n\t\t\t\t\t<\/div>\n\t\t<\/div>\n\t\t\t\t<div class=\"elementor-column elementor-col-50 elementor-top-column elementor-element elementor-element-2ea1a3a\" data-id=\"2ea1a3a\" data-element_type=\"column\" data-e-type=\"column\">\n\t\t\t<div class=\"elementor-widget-wrap elementor-element-populated\">\n\t\t\t\t\t\t<div class=\"elementor-element elementor-element-6d62e7a elementor-widget elementor-widget-image\" data-id=\"6d62e7a\" data-element_type=\"widget\" data-e-type=\"widget\" data-widget_type=\"image.default\">\n\t\t\t\t\t\t\t\t\t\t\t\t\t\t\t\t<a href=\"https:\/\/pgkimnowadeba.pl\/wp-content\/uploads\/2023\/02\/wniosek-eczynsze.pdf\" target=\"_blank\">\n\t\t\t\t\t\t\t<img decoding=\"async\" src=\"https:\/\/pgkimnowadeba.pl\/wp-content\/uploads\/elementor\/thumbs\/ikona_pdf-q0490wn9vx3707vjm6sxidw1iaw67m5rg9cy83poku.png\" title=\"ikona_pdf\" alt=\"ikona_pdf\" loading=\"lazy\" \/>\t\t\t\t\t\t\t\t<\/a>\n\t\t\t\t\t\t\t\t\t\t\t\t\t\t\t<\/div>\n\t\t\t\t<div class=\"elementor-element elementor-element-c08fe41 elementor-widget elementor-widget-text-editor\" data-id=\"c08fe41\" data-element_type=\"widget\" data-e-type=\"widget\" data-widget_type=\"text-editor.default\">\n\t\t\t\t\t\t\t\t\t<p>Wersja edytowalna<\/p>\t\t\t\t\t\t\t\t<\/div>\n\t\t\t\t\t<\/div>\n\t\t<\/div>\n\t\t\t\t\t<\/div>\n\t\t<\/section>\n\t\t\t\t<section class=\"elementor-section elementor-top-section elementor-element elementor-element-48a7cf1 elementor-section-boxed elementor-section-height-default elementor-section-height-default\" data-id=\"48a7cf1\" data-element_type=\"section\" data-e-type=\"section\">\n\t\t\t\t\t\t<div class=\"elementor-container elementor-column-gap-default\">\n\t\t\t\t\t<div class=\"elementor-column elementor-col-50 elementor-top-column elementor-element elementor-element-c180e26\" data-id=\"c180e26\" data-element_type=\"column\" data-e-type=\"column\">\n\t\t\t<div class=\"elementor-widget-wrap elementor-element-populated\">\n\t\t\t\t\t\t<div class=\"elementor-element elementor-element-6dcc41c elementor-widget elementor-widget-text-editor\" data-id=\"6dcc41c\" data-element_type=\"widget\" data-e-type=\"widget\" data-widget_type=\"text-editor.default\">\n\t\t\t\t\t\t\t\t\t<p>O\u015bwiadczenie w\u0142a\u015bciciela mieszkania\u00a0 przy podpisaniu umowy<\/p>\t\t\t\t\t\t\t\t<\/div>\n\t\t\t\t\t<\/div>\n\t\t<\/div>\n\t\t\t\t<div class=\"elementor-column elementor-col-50 elementor-top-column elementor-element elementor-element-075ced5\" data-id=\"075ced5\" data-element_type=\"column\" data-e-type=\"column\">\n\t\t\t<div class=\"elementor-widget-wrap elementor-element-populated\">\n\t\t\t\t\t\t<div class=\"elementor-element elementor-element-f517c13 elementor-widget elementor-widget-image\" data-id=\"f517c13\" data-element_type=\"widget\" data-e-type=\"widget\" data-widget_type=\"image.default\">\n\t\t\t\t\t\t\t\t\t\t\t\t\t\t\t\t<a href=\"https:\/\/pgkimnowadeba.pl\/wp-content\/uploads\/2025\/08\/Druk-oswiadczenie-wlasciciela-mieszkania-przy-podpisaniu-umowy.pdf\" target=\"_blank\">\n\t\t\t\t\t\t\t<img decoding=\"async\" src=\"https:\/\/pgkimnowadeba.pl\/wp-content\/uploads\/elementor\/thumbs\/ikona_pdf-q0490wn9vx3707vjm6sxidw1iaw67m5rg9cy83poku.png\" title=\"ikona_pdf\" alt=\"ikona_pdf\" loading=\"lazy\" \/>\t\t\t\t\t\t\t\t<\/a>\n\t\t\t\t\t\t\t\t\t\t\t\t\t\t\t<\/div>\n\t\t\t\t<div class=\"elementor-element elementor-element-3314f86 elementor-widget elementor-widget-text-editor\" data-id=\"3314f86\" data-element_type=\"widget\" data-e-type=\"widget\" data-widget_type=\"text-editor.default\">\n\t\t\t\t\t\t\t\t\t<p>Wersja edytowalna<\/p>\t\t\t\t\t\t\t\t<\/div>\n\t\t\t\t<div class=\"elementor-element elementor-element-9c14dba elementor-widget elementor-widget-image\" data-id=\"9c14dba\" data-element_type=\"widget\" data-e-type=\"widget\" data-widget_type=\"image.default\">\n\t\t\t\t\t\t\t\t\t\t\t\t\t\t\t\t<a href=\"https:\/\/pgkimnowadeba.pl\/wp-content\/uploads\/2025\/08\/Druk-oswiadczenie-wlasciciela-mieszkania-przy-podpisaniu-umowy.docx\" target=\"_blank\">\n\t\t\t\t\t\t\t<img decoding=\"async\" src=\"https:\/\/pgkimnowadeba.pl\/wp-content\/uploads\/elementor\/thumbs\/word-image-q0490wn9vx3707vjm6sxidw1iaw67m5rg9cy83poku.jpg\" title=\"word-image\" alt=\"word-image\" loading=\"lazy\" \/>\t\t\t\t\t\t\t\t<\/a>\n\t\t\t\t\t\t\t\t\t\t\t\t\t\t\t<\/div>\n\t\t\t\t\t<\/div>\n\t\t<\/div>\n\t\t\t\t\t<\/div>\n\t\t<\/section>\n\t\t\t\t<section class=\"elementor-section elementor-top-section elementor-element elementor-element-d4554bb elementor-section-boxed elementor-section-height-default elementor-section-height-default\" data-id=\"d4554bb\" data-element_type=\"section\" data-e-type=\"section\">\n\t\t\t\t\t\t<div class=\"elementor-container elementor-column-gap-default\">\n\t\t\t\t\t<div class=\"elementor-column elementor-col-50 elementor-top-column elementor-element elementor-element-408da1c\" data-id=\"408da1c\" data-element_type=\"column\" data-e-type=\"column\">\n\t\t\t<div class=\"elementor-widget-wrap elementor-element-populated\">\n\t\t\t\t\t\t<div class=\"elementor-element elementor-element-3e1ce55 elementor-widget elementor-widget-text-editor\" data-id=\"3e1ce55\" data-element_type=\"widget\" data-e-type=\"widget\" data-widget_type=\"text-editor.default\">\n\t\t\t\t\t\t\t\t\t<p>Zmiana nalicze\u0144 op\u0142at za lokale mieszkalne<\/p>\t\t\t\t\t\t\t\t<\/div>\n\t\t\t\t\t<\/div>\n\t\t<\/div>\n\t\t\t\t<div class=\"elementor-column elementor-col-50 elementor-top-column elementor-element elementor-element-ff9b730\" data-id=\"ff9b730\" data-element_type=\"column\" data-e-type=\"column\">\n\t\t\t<div class=\"elementor-widget-wrap elementor-element-populated\">\n\t\t\t\t\t\t<div class=\"elementor-element elementor-element-10b9ffa elementor-widget elementor-widget-image\" data-id=\"10b9ffa\" data-element_type=\"widget\" data-e-type=\"widget\" data-widget_type=\"image.default\">\n\t\t\t\t\t\t\t\t\t\t\t\t\t\t\t\t<a href=\"https:\/\/pgkimnowadeba.pl\/wp-content\/uploads\/2024\/11\/Zmiana-naliczen-oplat-za-lokale-mieszkalne-02.pdf\" target=\"_blank\">\n\t\t\t\t\t\t\t<img decoding=\"async\" src=\"https:\/\/pgkimnowadeba.pl\/wp-content\/uploads\/elementor\/thumbs\/ikona_pdf-q0490wn9vx3707vjm6sxidw1iaw67m5rg9cy83poku.png\" title=\"ikona_pdf\" alt=\"ikona_pdf\" loading=\"lazy\" \/>\t\t\t\t\t\t\t\t<\/a>\n\t\t\t\t\t\t\t\t\t\t\t\t\t\t\t<\/div>\n\t\t\t\t<div class=\"elementor-element elementor-element-c226085 elementor-widget elementor-widget-text-editor\" data-id=\"c226085\" data-element_type=\"widget\" data-e-type=\"widget\" data-widget_type=\"text-editor.default\">\n\t\t\t\t\t\t\t\t\t<p>Wersja edytowalna<\/p>\t\t\t\t\t\t\t\t<\/div>\n\t\t\t\t<div class=\"elementor-element elementor-element-c1a7842 elementor-widget elementor-widget-image\" data-id=\"c1a7842\" data-element_type=\"widget\" data-e-type=\"widget\" data-widget_type=\"image.default\">\n\t\t\t\t\t\t\t\t\t\t\t\t\t\t\t\t<a href=\"https:\/\/pgkimnowadeba.pl\/wp-content\/uploads\/2025\/08\/Druk-zmiana-naliczenia-oplat-za-mieszkanie.docx\" target=\"_blank\">\n\t\t\t\t\t\t\t<img decoding=\"async\" src=\"https:\/\/pgkimnowadeba.pl\/wp-content\/uploads\/elementor\/thumbs\/word-image-q0490wn9vx3707vjm6sxidw1iaw67m5rg9cy83poku.jpg\" title=\"word-image\" alt=\"word-image\" loading=\"lazy\" \/>\t\t\t\t\t\t\t\t<\/a>\n\t\t\t\t\t\t\t\t\t\t\t\t\t\t\t<\/div>\n\t\t\t\t\t<\/div>\n\t\t<\/div>\n\t\t\t\t\t<\/div>\n\t\t<\/section>\n\t\t\t\t<\/div>\n\t\t","protected":false},"excerpt":{"rendered":"<p>POBIERZ WYBRANY WNIOSEK \u00a0Rodzaj dokumentu \u00a0Pobierz plik Wniosek o wydanie ZAPEWNIENIA odbioru \u015bciek\u00f3w ze ZBIORNIKA BEZODP\u0141YWOWEGO &#8211; oczyszczalni przydomowej Wersja edytowalna Wniosek o wydanie ZAPEWNIENIENIA w\u0142\u0105czenia do sieci WOD.- KAN Wersja edytowalna Wniosek o wydanie WARUNK\u00d3W TECHNICZNYCH w\u0142\u0105czenia do sieci WOD.- KAN Wersja edytowalna Wniosek o zawarcie umowy na zaopatrzenie w wod\u0119 lub odprowadzenie \u015bciek\u00f3w&hellip;<\/p>\n","protected":false},"author":1,"featured_media":0,"parent":0,"menu_order":0,"comment_status":"closed","ping_status":"closed","template":"","meta":{"content-type":"","ngg_post_thumbnail":0,"footnotes":""},"class_list":["post-744","page","type-page","status-publish","hentry"],"_links":{"self":[{"href":"https:\/\/pgkimnowadeba.pl\/index.php\/wp-json\/wp\/v2\/pages\/744","targetHints":{"allow":["GET"]}}],"collection":[{"href":"https:\/\/pgkimnowadeba.pl\/index.php\/wp-json\/wp\/v2\/pages"}],"about":[{"href":"https:\/\/pgkimnowadeba.pl\/index.php\/wp-json\/wp\/v2\/types\/page"}],"author":[{"embeddable":true,"href":"https:\/\/pgkimnowadeba.pl\/index.php\/wp-json\/wp\/v2\/users\/1"}],"replies":[{"embeddable":true,"href":"https:\/\/pgkimnowadeba.pl\/index.php\/wp-json\/wp\/v2\/comments?post=744"}],"version-history":[{"count":3,"href":"https:\/\/pgkimnowadeba.pl\/index.php\/wp-json\/wp\/v2\/pages\/744\/revisions"}],"predecessor-version":[{"id":5064,"href":"https:\/\/pgkimnowadeba.pl\/index.php\/wp-json\/wp\/v2\/pages\/744\/revisions\/5064"}],"wp:attachment":[{"href":"https:\/\/pgkimnowadeba.pl\/index.php\/wp-json\/wp\/v2\/media?parent=744"}],"curies":[{"name":"wp","href":"https:\/\/api.w.org\/{rel}","templated":true}]}}